{"id":28044,"date":"2025-04-22T14:43:14","date_gmt":"2025-04-22T12:43:14","guid":{"rendered":"https:\/\/ilmiocafecacao.it\/acceuil\/?page_id=28044"},"modified":"2025-04-22T15:21:25","modified_gmt":"2025-04-22T13:21:25","slug":"a-propos-de-nous","status":"publish","type":"page","link":"https:\/\/ilmiocafecacao.it\/acceuil\/a-propos-de-nous\/","title":{"rendered":"\u00c0 propos de nous"},"content":{"rendered":"\t\t<div data-elementor-type=\"wp-page\" data-elementor-id=\"28044\" class=\"elementor elementor-28044\">\n\t\t\t\t<div class=\"wd-negative-gap elementor-element elementor-element-64e4e16 e-flex e-con-boxed e-con e-parent\" data-id=\"64e4e16\" data-element_type=\"container\" data-e-type=\"container\">\n\t\t\t\t\t<div class=\"e-con-inner\">\n\t\t\t\t<div class=\"elementor-element elementor-element-bee699a elementor-widget elementor-widget-spacer\" data-id=\"bee699a\" data-element_type=\"widget\" data-e-type=\"widget\" data-widget_type=\"spacer.default\">\n\t\t\t\t<div class=\"elementor-widget-container\">\n\t\t\t\t\t\t\t<div class=\"elementor-spacer\">\n\t\t\t<div class=\"elementor-spacer-inner\"><\/div>\n\t\t<\/div>\n\t\t\t\t\t\t<\/div>\n\t\t\t\t<\/div>\n\t\t\t\t\t<\/div>\n\t\t\t\t<\/div>\n\t\t<div class=\"wd-negative-gap elementor-element elementor-element-0046576 e-flex e-con-boxed elementor-invisible e-con e-parent\" data-id=\"0046576\" data-element_type=\"container\" data-e-type=\"container\" data-settings=\"{&quot;background_background&quot;:&quot;classic&quot;,&quot;animation&quot;:&quot;fadeInUp&quot;}\">\n\t\t\t\t\t<div class=\"e-con-inner\">\n\t\t\t\t<div class=\"elementor-element elementor-element-c940918 wd-width-100 elementor-widget elementor-widget-wd_title\" data-id=\"c940918\" data-element_type=\"widget\" data-e-type=\"widget\" data-widget_type=\"wd_title.default\">\n\t\t\t\t<div class=\"elementor-widget-container\">\n\t\t\t\t\t\t\t<div class=\"title-wrapper wd-set-mb reset-last-child wd-title-color-default wd-title-style-default wd-title-size-default text-center\">\n\n\t\t\t\n\t\t\t<div class=\"liner-continer\">\n\t\t\t\t<h4 class=\"woodmart-title-container title wd-fontsize-l\">\u201cLes deux choses les plus importantes n\u2019apparaissent pas au bilan de l\u2019entreprise : sa r\u00e9putation et ses hommes.\u201d \u2013 Henry Ford<br \/>\n<\/h4> \n\t\t\t\t\t\t\t<\/div>\n\n\t\t\t\t\t<\/div>\n\t\t\t\t\t\t<\/div>\n\t\t\t\t<\/div>\n\t\t\t\t\t<\/div>\n\t\t\t\t<\/div>\n\t\t<div class=\"wd-negative-gap elementor-element elementor-element-d5bd6d1 e-flex e-con-boxed elementor-invisible e-con e-parent\" data-id=\"d5bd6d1\" data-element_type=\"container\" data-e-type=\"container\" data-settings=\"{&quot;animation&quot;:&quot;fadeInUp&quot;}\">\n\t\t\t\t\t<div class=\"e-con-inner\">\n\t\t\t\t<div class=\"elementor-element elementor-element-8eb4a75 elementor-widget elementor-widget-spacer\" data-id=\"8eb4a75\" data-element_type=\"widget\" data-e-type=\"widget\" data-widget_type=\"spacer.default\">\n\t\t\t\t<div class=\"elementor-widget-container\">\n\t\t\t\t\t\t\t<div class=\"elementor-spacer\">\n\t\t\t<div class=\"elementor-spacer-inner\"><\/div>\n\t\t<\/div>\n\t\t\t\t\t\t<\/div>\n\t\t\t\t<\/div>\n\t\t\t\t\t<\/div>\n\t\t\t\t<\/div>\n\t\t<div class=\"wd-negative-gap elementor-element elementor-element-50c8b9e e-flex e-con-boxed e-con e-parent\" data-id=\"50c8b9e\" data-element_type=\"container\" data-e-type=\"container\">\n\t\t\t\t\t<div class=\"e-con-inner\">\n\t\t\t\t<div class=\"elementor-element elementor-element-c4e3641 elementor-widget elementor-widget-spacer\" data-id=\"c4e3641\" data-element_type=\"widget\" data-e-type=\"widget\" data-widget_type=\"spacer.default\">\n\t\t\t\t<div class=\"elementor-widget-container\">\n\t\t\t\t\t\t\t<div class=\"elementor-spacer\">\n\t\t\t<div class=\"elementor-spacer-inner\"><\/div>\n\t\t<\/div>\n\t\t\t\t\t\t<\/div>\n\t\t\t\t<\/div>\n\t\t\t\t\t<\/div>\n\t\t\t\t<\/div>\n\t\t<div class=\"wd-negative-gap elementor-element elementor-element-626ee8d e-grid e-con-boxed elementor-invisible e-con e-parent\" data-id=\"626ee8d\" data-element_type=\"container\" data-e-type=\"container\" data-settings=\"{&quot;background_background&quot;:&quot;classic&quot;,&quot;animation&quot;:&quot;fadeInUp&quot;}\">\n\t\t\t\t\t<div class=\"e-con-inner\">\n\t\t\t\t<div class=\"elementor-element elementor-element-518bb45 elementor-widget elementor-widget-wd_text_block\" data-id=\"518bb45\" data-element_type=\"widget\" data-e-type=\"widget\" data-widget_type=\"wd_text_block.default\">\n\t\t\t\t<div class=\"elementor-widget-container\">\n\t\t\t\t\t\t\t<div class=\"wd-text-block reset-last-child text-left\">\n\t\t\t\n\t\t\t<p>Nous sommes fiers de repr\u00e9senter une r\u00e9f\u00e9rence en mati\u00e8re de culture du caf\u00e9 et d\u2019excellence : Une entreprise capable de fusionner l\u2019innovation et l\u2019artisanat, de s\u00e9lectionner et de proposer les meilleurs produits et, de grandir pour devenir l\u2019un des leaders du segment du caf\u00e9 haut de gamme et du noisette de qualit\u00e9.<\/p><p>Pour notre plus grand plaisir, nous r\u00e9ussissons \u00e0 enthousiasmer nos clients pour nos produits exceptionnellement bons et beaux que nous avons cr\u00e9\u00e9s au fil du temps, tout en travaillant rapidement et efficacement pour r\u00e9pondre aux besoins de nos clients.<\/p><p>Nous croyons au travail d\u2019\u00e9quipe et \u00e0 la compr\u00e9hension entre nos collaborateurs, ce qui nous permet d\u2019\u00eatre si innovants que d\u2019autres nous les envient.<\/p><p>Nous continuerons \u00e0 transmettre la passion de notre travail et \u00e0 garder la conscience de le faire bien. Nous sommes pr\u00eats \u00e0 nous am\u00e9liorer en permanence et \u00e0 voir plus loin que le bout de notre nez.<\/p><p>Honn\u00eate envers nos clients et envers nous-m\u00eames. Humbles et modestes, en reconnaissant nos erreurs et en ayant le courage de prendre du recul, de changer et d\u2019\u00e9voluer.<\/p><p>Ce sont les id\u00e9aux auxquels nous croyons et que nous avons int\u00e9gr\u00e9s dans notre entreprise au fil du temps. Forts de ces valeurs, nous sommes pr\u00eats \u00e0 relever les d\u00e9fis qui nous attendent dans les ann\u00e9es \u00e0 venir et \u00e0 \u00e9crire de nouvelles pages de notre histoire.<\/p>\n\t\t\t\t\t<\/div>\n\t\t\t\t\t\t<\/div>\n\t\t\t\t<\/div>\n\t\t\t\t<div class=\"elementor-element elementor-element-3a6c20e elementor-widget elementor-widget-image\" data-id=\"3a6c20e\" data-element_type=\"widget\" data-e-type=\"widget\" data-widget_type=\"image.default\">\n\t\t\t\t<div class=\"elementor-widget-container\">\n\t\t\t\t\t\t\t\t\t\t\t\t\t\t\t<img loading=\"lazy\" decoding=\"async\" width=\"512\" height=\"443\" src=\"https:\/\/ilmiocafecacao.it\/wp-content\/uploads\/2025\/04\/icone-noir.jpg\" class=\"attachment-large size-large wp-image-27796\" alt=\"\" srcset=\"https:\/\/ilmiocafecacao.it\/wp-content\/uploads\/2025\/04\/icone-noir.jpg 512w, https:\/\/ilmiocafecacao.it\/wp-content\/uploads\/2025\/04\/icone-noir-347x300.jpg 347w, https:\/\/ilmiocafecacao.it\/wp-content\/uploads\/2025\/04\/icone-noir-430x372.jpg 430w, https:\/\/ilmiocafecacao.it\/wp-content\/uploads\/2025\/04\/icone-noir-150x130.jpg 150w\" sizes=\"(max-width: 512px) 100vw, 512px\" \/>\t\t\t\t\t\t\t\t\t\t\t\t\t\t\t<\/div>\n\t\t\t\t<\/div>\n\t\t\t\t\t<\/div>\n\t\t\t\t<\/div>\n\t\t<div class=\"wd-negative-gap elementor-element elementor-element-afb7772 e-flex e-con-boxed e-con e-parent\" data-id=\"afb7772\" data-element_type=\"container\" data-e-type=\"container\">\n\t\t\t\t\t<div class=\"e-con-inner\">\n\t\t\t\t<div class=\"elementor-element elementor-element-3535950 elementor-widget elementor-widget-spacer\" data-id=\"3535950\" data-element_type=\"widget\" data-e-type=\"widget\" data-widget_type=\"spacer.default\">\n\t\t\t\t<div class=\"elementor-widget-container\">\n\t\t\t\t\t\t\t<div class=\"elementor-spacer\">\n\t\t\t<div class=\"elementor-spacer-inner\"><\/div>\n\t\t<\/div>\n\t\t\t\t\t\t<\/div>\n\t\t\t\t<\/div>\n\t\t\t\t\t<\/div>\n\t\t\t\t<\/div>\n\t\t\t\t<\/div>\n\t\t","protected":false},"excerpt":{"rendered":"<p>\u201cLes deux choses les plus importantes n\u2019apparaissent pas au bilan de l\u2019entreprise : sa r\u00e9putation et ses hommes.\u201d \u2013 Henry<\/p>\n","protected":false},"author":1,"featured_media":0,"parent":0,"menu_order":0,"comment_status":"closed","ping_status":"closed","template":"","meta":{"footnotes":""},"class_list":["post-28044","page","type-page","status-publish","hentry"],"yoast_head":"<!-- This site is optimized with the Yoast SEO plugin v25.6 - https:\/\/yoast.com\/wordpress\/plugins\/seo\/ -->\n<title>\u00c0 propos de nous - ilmiocafecacao<\/title>\n<meta name=\"robots\" content=\"index, follow, max-snippet:-1, max-image-preview:large, max-video-preview:-1\" \/>\n<link rel=\"canonical\" href=\"https:\/\/ilmiocafecacao.it\/acceuil\/a-propos-de-nous\/\" \/>\n<meta property=\"og:locale\" content=\"fr_FR\" \/>\n<meta property=\"og:type\" content=\"article\" \/>\n<meta property=\"og:title\" content=\"\u00c0 propos de nous - ilmiocafecacao\" \/>\n<meta property=\"og:description\" content=\"\u201cLes deux choses les plus importantes n\u2019apparaissent pas au bilan de l\u2019entreprise : sa r\u00e9putation et ses hommes.\u201d \u2013 Henry\" \/>\n<meta property=\"og:url\" content=\"https:\/\/ilmiocafecacao.it\/acceuil\/a-propos-de-nous\/\" \/>\n<meta property=\"og:site_name\" content=\"ilmiocafecacao\" \/>\n<meta property=\"article:modified_time\" content=\"2025-04-22T13:21:25+00:00\" \/>\n<meta property=\"og:image\" content=\"https:\/\/ilmiocafecacao.it\/wp-content\/uploads\/2025\/04\/icone-noir.jpg\" \/>\n\t<meta property=\"og:image:width\" content=\"512\" \/>\n\t<meta property=\"og:image:height\" content=\"443\" \/>\n\t<meta property=\"og:image:type\" content=\"image\/jpeg\" \/>\n<meta name=\"twitter:card\" content=\"summary_large_image\" \/>\n<meta name=\"twitter:label1\" content=\"Dur\u00e9e de lecture estim\u00e9e\" \/>\n\t<meta name=\"twitter:data1\" content=\"1 minute\" \/>\n<script type=\"application\/ld+json\" class=\"yoast-schema-graph\">{\"@context\":\"https:\/\/schema.org\",\"@graph\":[{\"@type\":\"WebPage\",\"@id\":\"https:\/\/ilmiocafecacao.it\/acceuil\/a-propos-de-nous\/\",\"url\":\"https:\/\/ilmiocafecacao.it\/acceuil\/a-propos-de-nous\/\",\"name\":\"\u00c0 propos de nous - ilmiocafecacao\",\"isPartOf\":{\"@id\":\"https:\/\/ilmiocafecacao.it\/acceuil\/#website\"},\"primaryImageOfPage\":{\"@id\":\"https:\/\/ilmiocafecacao.it\/acceuil\/a-propos-de-nous\/#primaryimage\"},\"image\":{\"@id\":\"https:\/\/ilmiocafecacao.it\/acceuil\/a-propos-de-nous\/#primaryimage\"},\"thumbnailUrl\":\"https:\/\/ilmiocafecacao.it\/wp-content\/uploads\/2025\/04\/icone-noir.jpg\",\"datePublished\":\"2025-04-22T12:43:14+00:00\",\"dateModified\":\"2025-04-22T13:21:25+00:00\",\"breadcrumb\":{\"@id\":\"https:\/\/ilmiocafecacao.it\/acceuil\/a-propos-de-nous\/#breadcrumb\"},\"inLanguage\":\"fr-FR\",\"potentialAction\":[{\"@type\":\"ReadAction\",\"target\":[\"https:\/\/ilmiocafecacao.it\/acceuil\/a-propos-de-nous\/\"]}]},{\"@type\":\"ImageObject\",\"inLanguage\":\"fr-FR\",\"@id\":\"https:\/\/ilmiocafecacao.it\/acceuil\/a-propos-de-nous\/#primaryimage\",\"url\":\"https:\/\/ilmiocafecacao.it\/wp-content\/uploads\/2025\/04\/icone-noir.jpg\",\"contentUrl\":\"https:\/\/ilmiocafecacao.it\/wp-content\/uploads\/2025\/04\/icone-noir.jpg\"},{\"@type\":\"BreadcrumbList\",\"@id\":\"https:\/\/ilmiocafecacao.it\/acceuil\/a-propos-de-nous\/#breadcrumb\",\"itemListElement\":[{\"@type\":\"ListItem\",\"position\":1,\"name\":\"Home\",\"item\":\"https:\/\/ilmiocafecacao.it\/acceuil\/\"},{\"@type\":\"ListItem\",\"position\":2,\"name\":\"\u00c0 propos de nous\"}]},{\"@type\":\"WebSite\",\"@id\":\"https:\/\/ilmiocafecacao.it\/acceuil\/#website\",\"url\":\"https:\/\/ilmiocafecacao.it\/acceuil\/\",\"name\":\"cafe il mio\",\"description\":\"Noisette et caf\u00e9 italien\",\"publisher\":{\"@id\":\"https:\/\/ilmiocafecacao.it\/acceuil\/#organization\"},\"alternateName\":\"cafe il mio\",\"potentialAction\":[{\"@type\":\"SearchAction\",\"target\":{\"@type\":\"EntryPoint\",\"urlTemplate\":\"https:\/\/ilmiocafecacao.it\/acceuil\/?s={search_term_string}\"},\"query-input\":{\"@type\":\"PropertyValueSpecification\",\"valueRequired\":true,\"valueName\":\"search_term_string\"}}],\"inLanguage\":\"fr-FR\"},{\"@type\":\"Organization\",\"@id\":\"https:\/\/ilmiocafecacao.it\/acceuil\/#organization\",\"name\":\"ilmiocafecacao\",\"url\":\"https:\/\/ilmiocafecacao.it\/acceuil\/\",\"logo\":{\"@type\":\"ImageObject\",\"inLanguage\":\"fr-FR\",\"@id\":\"https:\/\/ilmiocafecacao.it\/acceuil\/#\/schema\/logo\/image\/\",\"url\":\"https:\/\/ilmiocafecacao.it\/wp-content\/uploads\/2025\/04\/icone-noir.jpg\",\"contentUrl\":\"https:\/\/ilmiocafecacao.it\/wp-content\/uploads\/2025\/04\/icone-noir.jpg\",\"width\":512,\"height\":443,\"caption\":\"ilmiocafecacao\"},\"image\":{\"@id\":\"https:\/\/ilmiocafecacao.it\/acceuil\/#\/schema\/logo\/image\/\"}}]}<\/script>\n<!-- \/ Yoast SEO plugin. -->","yoast_head_json":{"title":"\u00c0 propos de nous - ilmiocafecacao","robots":{"index":"index","follow":"follow","max-snippet":"max-snippet:-1","max-image-preview":"max-image-preview:large","max-video-preview":"max-video-preview:-1"},"canonical":"https:\/\/ilmiocafecacao.it\/acceuil\/a-propos-de-nous\/","og_locale":"fr_FR","og_type":"article","og_title":"\u00c0 propos de nous - ilmiocafecacao","og_description":"\u201cLes deux choses les plus importantes n\u2019apparaissent pas au bilan de l\u2019entreprise : sa r\u00e9putation et ses hommes.\u201d \u2013 Henry","og_url":"https:\/\/ilmiocafecacao.it\/acceuil\/a-propos-de-nous\/","og_site_name":"ilmiocafecacao","article_modified_time":"2025-04-22T13:21:25+00:00","og_image":[{"width":512,"height":443,"url":"https:\/\/ilmiocafecacao.it\/wp-content\/uploads\/2025\/04\/icone-noir.jpg","type":"image\/jpeg"}],"twitter_card":"summary_large_image","twitter_misc":{"Dur\u00e9e de lecture estim\u00e9e":"1 minute"},"schema":{"@context":"https:\/\/schema.org","@graph":[{"@type":"WebPage","@id":"https:\/\/ilmiocafecacao.it\/acceuil\/a-propos-de-nous\/","url":"https:\/\/ilmiocafecacao.it\/acceuil\/a-propos-de-nous\/","name":"\u00c0 propos de nous - ilmiocafecacao","isPartOf":{"@id":"https:\/\/ilmiocafecacao.it\/acceuil\/#website"},"primaryImageOfPage":{"@id":"https:\/\/ilmiocafecacao.it\/acceuil\/a-propos-de-nous\/#primaryimage"},"image":{"@id":"https:\/\/ilmiocafecacao.it\/acceuil\/a-propos-de-nous\/#primaryimage"},"thumbnailUrl":"https:\/\/ilmiocafecacao.it\/wp-content\/uploads\/2025\/04\/icone-noir.jpg","datePublished":"2025-04-22T12:43:14+00:00","dateModified":"2025-04-22T13:21:25+00:00","breadcrumb":{"@id":"https:\/\/ilmiocafecacao.it\/acceuil\/a-propos-de-nous\/#breadcrumb"},"inLanguage":"fr-FR","potentialAction":[{"@type":"ReadAction","target":["https:\/\/ilmiocafecacao.it\/acceuil\/a-propos-de-nous\/"]}]},{"@type":"ImageObject","inLanguage":"fr-FR","@id":"https:\/\/ilmiocafecacao.it\/acceuil\/a-propos-de-nous\/#primaryimage","url":"https:\/\/ilmiocafecacao.it\/wp-content\/uploads\/2025\/04\/icone-noir.jpg","contentUrl":"https:\/\/ilmiocafecacao.it\/wp-content\/uploads\/2025\/04\/icone-noir.jpg"},{"@type":"BreadcrumbList","@id":"https:\/\/ilmiocafecacao.it\/acceuil\/a-propos-de-nous\/#breadcrumb","itemListElement":[{"@type":"ListItem","position":1,"name":"Home","item":"https:\/\/ilmiocafecacao.it\/acceuil\/"},{"@type":"ListItem","position":2,"name":"\u00c0 propos de nous"}]},{"@type":"WebSite","@id":"https:\/\/ilmiocafecacao.it\/acceuil\/#website","url":"https:\/\/ilmiocafecacao.it\/acceuil\/","name":"cafe il mio","description":"Noisette et caf\u00e9 italien","publisher":{"@id":"https:\/\/ilmiocafecacao.it\/acceuil\/#organization"},"alternateName":"cafe il mio","potentialAction":[{"@type":"SearchAction","target":{"@type":"EntryPoint","urlTemplate":"https:\/\/ilmiocafecacao.it\/acceuil\/?s={search_term_string}"},"query-input":{"@type":"PropertyValueSpecification","valueRequired":true,"valueName":"search_term_string"}}],"inLanguage":"fr-FR"},{"@type":"Organization","@id":"https:\/\/ilmiocafecacao.it\/acceuil\/#organization","name":"ilmiocafecacao","url":"https:\/\/ilmiocafecacao.it\/acceuil\/","logo":{"@type":"ImageObject","inLanguage":"fr-FR","@id":"https:\/\/ilmiocafecacao.it\/acceuil\/#\/schema\/logo\/image\/","url":"https:\/\/ilmiocafecacao.it\/wp-content\/uploads\/2025\/04\/icone-noir.jpg","contentUrl":"https:\/\/ilmiocafecacao.it\/wp-content\/uploads\/2025\/04\/icone-noir.jpg","width":512,"height":443,"caption":"ilmiocafecacao"},"image":{"@id":"https:\/\/ilmiocafecacao.it\/acceuil\/#\/schema\/logo\/image\/"}}]}},"_links":{"self":[{"href":"https:\/\/ilmiocafecacao.it\/acceuil\/wp-json\/wp\/v2\/pages\/28044"}],"collection":[{"href":"https:\/\/ilmiocafecacao.it\/acceuil\/wp-json\/wp\/v2\/pages"}],"about":[{"href":"https:\/\/ilmiocafecacao.it\/acceuil\/wp-json\/wp\/v2\/types\/page"}],"author":[{"embeddable":true,"href":"https:\/\/ilmiocafecacao.it\/acceuil\/wp-json\/wp\/v2\/users\/1"}],"replies":[{"embeddable":true,"href":"https:\/\/ilmiocafecacao.it\/acceuil\/wp-json\/wp\/v2\/comments?post=28044"}],"version-history":[{"count":29,"href":"https:\/\/ilmiocafecacao.it\/acceuil\/wp-json\/wp\/v2\/pages\/28044\/revisions"}],"predecessor-version":[{"id":28075,"href":"https:\/\/ilmiocafecacao.it\/acceuil\/wp-json\/wp\/v2\/pages\/28044\/revisions\/28075"}],"wp:attachment":[{"href":"https:\/\/ilmiocafecacao.it\/acceuil\/wp-json\/wp\/v2\/media?parent=28044"}],"curies":[{"name":"wp","href":"https:\/\/api.w.org\/{rel}","templated":true}]}}