{"id":28011,"date":"2025-04-22T13:06:49","date_gmt":"2025-04-22T11:06:49","guid":{"rendered":"https:\/\/ilmiocafecacao.it\/acceuil\/?page_id=28011"},"modified":"2025-04-22T17:06:36","modified_gmt":"2025-04-22T15:06:36","slug":"production-de-cafe","status":"publish","type":"page","link":"https:\/\/ilmiocafecacao.it\/acceuil\/production-de-cafe\/","title":{"rendered":"Torr\u00e9faction de caf\u00e9"},"content":{"rendered":"\t\t<div data-elementor-type=\"wp-page\" data-elementor-id=\"28011\" class=\"elementor elementor-28011\">\n\t\t\t\t<div class=\"wd-negative-gap elementor-element elementor-element-2f1d86f e-flex e-con-boxed e-con e-parent\" data-id=\"2f1d86f\" data-element_type=\"container\" data-e-type=\"container\">\n\t\t\t\t\t<div class=\"e-con-inner\">\n\t\t\t\t<div class=\"elementor-element elementor-element-1f98f1c elementor-widget elementor-widget-spacer\" data-id=\"1f98f1c\" data-element_type=\"widget\" data-e-type=\"widget\" data-widget_type=\"spacer.default\">\n\t\t\t\t<div class=\"elementor-widget-container\">\n\t\t\t\t\t\t\t<div class=\"elementor-spacer\">\n\t\t\t<div class=\"elementor-spacer-inner\"><\/div>\n\t\t<\/div>\n\t\t\t\t\t\t<\/div>\n\t\t\t\t<\/div>\n\t\t\t\t\t<\/div>\n\t\t\t\t<\/div>\n\t\t<div class=\"wd-negative-gap elementor-element elementor-element-0755519 e-flex e-con-boxed elementor-invisible e-con e-parent\" data-id=\"0755519\" data-element_type=\"container\" data-e-type=\"container\" data-settings=\"{&quot;animation&quot;:&quot;fadeInUp&quot;}\">\n\t\t\t\t\t<div class=\"e-con-inner\">\n\t\t\t\t<div class=\"elementor-element elementor-element-8b79088 elementor-widget elementor-widget-wd_text_block\" data-id=\"8b79088\" data-element_type=\"widget\" data-e-type=\"widget\" data-widget_type=\"wd_text_block.default\">\n\t\t\t\t<div class=\"elementor-widget-container\">\n\t\t\t\t\t\t\t<div class=\"wd-text-block reset-last-child text-left\">\n\t\t\t\n\t\t\t<div class=\"sottotitolo\"><div class=\"container\"><div class=\"row\"><div class=\"col\"><h2>Pour faire un bon caf\u00e9, il faut partir de tr\u00e8s loin car la qualit\u00e9 d\u00e9pend avant tout des mati\u00e8res premi\u00e8res<\/h2><p>\u00a0<\/p><\/div><\/div><\/div><\/div><div class=\"container mt-3\"><article class=\"articolo\"><p>Les caf\u00e9iers poussent dans de nombreux pays qui b\u00e9n\u00e9ficient d\u2019un climat favorable. Deux vari\u00e9t\u00e9s principales sont cultiv\u00e9es \u2013 l\u2019arabica et le robusta. Le grain d\u2019Arabica donne un caf\u00e9 doux et velout\u00e9 aux saveurs subtiles, tandis que le grain de Robusta donne un go\u00fbt plus intense et plus terreux.<\/p><p>Les diff\u00e9rentes r\u00e9gions du monde donnent des go\u00fbts et des ar\u00f4mes l\u00e9g\u00e8rement diff\u00e9rents aux grains qu\u2019elles produisent.<\/p><p>Dans notre usine de torr\u00e9faction, nous m\u00e9langeons des grains provenant d\u2019une dizaine de r\u00e9gions du monde afin de donner \u00e0 nos caf\u00e9s un go\u00fbt particulier. Nous s\u00e9lectionnons nos fournisseurs avec le plus grand soin. Ils doivent utiliser des m\u00e9thodes traditionnelles garantissant la qualit\u00e9 pour produire les grains verts que nous achetons avant qu\u2019ils ne nous soient exp\u00e9di\u00e9s en Italie.<\/p><p>Notre ma\u00eetre torr\u00e9facteur choisit le m\u00e9lange de grains et, tel un ma\u00eetre cuisinier, il s\u00e9lectionne le bon profil de torr\u00e9faction.<\/p><p>Les grains sont torr\u00e9fi\u00e9s \u00e0 une temp\u00e9rature de 160\u00b0 \u00e0 250\u00b0C pendant 8 \u00e0 12 minutes. Ils perdent du poids et gagnent en volume, ils deviennent fonc\u00e9s et friables. C\u2019est \u00e0 ce stade que le caf\u00e9 d\u00e9veloppe tout son ar\u00f4me. Nous torr\u00e9fions les grains verts tous les jours.<\/p><p>Les grains de caf\u00e9 sont emball\u00e9s dans des sachets de 1 kg munis d\u2019une valve \u00e0 sens unique.<\/p><\/article><\/div>\n\t\t\t\t\t<\/div>\n\t\t\t\t\t\t<\/div>\n\t\t\t\t<\/div>\n\t\t\t\t\t<\/div>\n\t\t\t\t<\/div>\n\t\t<div class=\"wd-negative-gap elementor-element elementor-element-7dfbab9 e-flex e-con-boxed e-con e-parent\" data-id=\"7dfbab9\" data-element_type=\"container\" data-e-type=\"container\">\n\t\t\t\t\t<div class=\"e-con-inner\">\n\t\t<div class=\"elementor-element elementor-element-1838c24 e-con-full e-flex e-con e-child\" data-id=\"1838c24\" data-element_type=\"container\" data-e-type=\"container\">\n\t\t\t\t<div class=\"elementor-element elementor-element-dd9ee70 elementor-widget elementor-widget-spacer\" data-id=\"dd9ee70\" data-element_type=\"widget\" data-e-type=\"widget\" data-widget_type=\"spacer.default\">\n\t\t\t\t<div class=\"elementor-widget-container\">\n\t\t\t\t\t\t\t<div class=\"elementor-spacer\">\n\t\t\t<div class=\"elementor-spacer-inner\"><\/div>\n\t\t<\/div>\n\t\t\t\t\t\t<\/div>\n\t\t\t\t<\/div>\n\t\t\t\t<\/div>\n\t\t\t\t\t<\/div>\n\t\t\t\t<\/div>\n\t\t<div class=\"wd-negative-gap elementor-element elementor-element-c406cc0 e-flex e-con-boxed elementor-invisible e-con e-parent\" data-id=\"c406cc0\" data-element_type=\"container\" data-e-type=\"container\" data-settings=\"{&quot;animation&quot;:&quot;fadeInLeft&quot;}\">\n\t\t\t\t\t<div class=\"e-con-inner\">\n\t\t\t\t<div class=\"elementor-element elementor-element-7430c7a elementor-widget elementor-widget-image\" data-id=\"7430c7a\" data-element_type=\"widget\" data-e-type=\"widget\" data-widget_type=\"image.default\">\n\t\t\t\t<div class=\"elementor-widget-container\">\n\t\t\t\t\t\t\t\t\t\t\t\t\t\t\t<img loading=\"lazy\" decoding=\"async\" width=\"1200\" height=\"800\" src=\"https:\/\/ilmiocafecacao.it\/wp-content\/uploads\/2025\/04\/prod_2-1200x800.jpg\" class=\"attachment-large size-large wp-image-28024\" alt=\"\" srcset=\"https:\/\/ilmiocafecacao.it\/wp-content\/uploads\/2025\/04\/prod_2-1200x800.jpg 1200w, https:\/\/ilmiocafecacao.it\/wp-content\/uploads\/2025\/04\/prod_2-400x267.jpg 400w, https:\/\/ilmiocafecacao.it\/wp-content\/uploads\/2025\/04\/prod_2-768x512.jpg 768w, https:\/\/ilmiocafecacao.it\/wp-content\/uploads\/2025\/04\/prod_2-1536x1024.jpg 1536w, https:\/\/ilmiocafecacao.it\/wp-content\/uploads\/2025\/04\/prod_2-430x287.jpg 430w, https:\/\/ilmiocafecacao.it\/wp-content\/uploads\/2025\/04\/prod_2-700x467.jpg 700w, https:\/\/ilmiocafecacao.it\/wp-content\/uploads\/2025\/04\/prod_2-150x100.jpg 150w, https:\/\/ilmiocafecacao.it\/wp-content\/uploads\/2025\/04\/prod_2.jpg 1800w\" sizes=\"(max-width: 1200px) 100vw, 1200px\" \/>\t\t\t\t\t\t\t\t\t\t\t\t\t\t\t<\/div>\n\t\t\t\t<\/div>\n\t\t\t\t\t<\/div>\n\t\t\t\t<\/div>\n\t\t<div class=\"wd-negative-gap elementor-element elementor-element-f2f251a e-flex e-con-boxed e-con e-parent\" data-id=\"f2f251a\" data-element_type=\"container\" data-e-type=\"container\">\n\t\t\t\t\t<div class=\"e-con-inner\">\n\t\t<div class=\"elementor-element elementor-element-721e1c3 e-con-full e-flex e-con e-child\" data-id=\"721e1c3\" data-element_type=\"container\" data-e-type=\"container\">\n\t\t\t\t<div class=\"elementor-element elementor-element-1514e31 elementor-widget elementor-widget-spacer\" data-id=\"1514e31\" data-element_type=\"widget\" data-e-type=\"widget\" data-widget_type=\"spacer.default\">\n\t\t\t\t<div class=\"elementor-widget-container\">\n\t\t\t\t\t\t\t<div class=\"elementor-spacer\">\n\t\t\t<div class=\"elementor-spacer-inner\"><\/div>\n\t\t<\/div>\n\t\t\t\t\t\t<\/div>\n\t\t\t\t<\/div>\n\t\t\t\t<\/div>\n\t\t\t\t\t<\/div>\n\t\t\t\t<\/div>\n\t\t<div class=\"wd-negative-gap elementor-element elementor-element-79e4c9c e-flex e-con-boxed elementor-invisible e-con e-parent\" data-id=\"79e4c9c\" data-element_type=\"container\" data-e-type=\"container\" data-settings=\"{&quot;animation&quot;:&quot;fadeInRight&quot;}\">\n\t\t\t\t\t<div class=\"e-con-inner\">\n\t\t\t\t<div class=\"elementor-element elementor-element-23f4a1a elementor-widget elementor-widget-wd_text_block\" data-id=\"23f4a1a\" data-element_type=\"widget\" data-e-type=\"widget\" data-widget_type=\"wd_text_block.default\">\n\t\t\t\t<div class=\"elementor-widget-container\">\n\t\t\t\t\t\t\t<div class=\"wd-text-block reset-last-child text-left\">\n\t\t\t\n\t\t\t<div class=\"sottotitolo\"><div class=\"container\"><div class=\"row\"><div class=\"col\"><p>Pour les dosettes et les capsules, les grains sont moulus et imm\u00e9diatement conditionn\u00e9s sous atmosph\u00e8re modifi\u00e9e (MAP) afin de pr\u00e9server leur fra\u00eecheur et leur ar\u00f4me pendant longtemps.<\/p><p>Nos connaissances et nos comp\u00e9tences, associ\u00e9es \u00e0 nos contr\u00f4les de qualit\u00e9 rigoureux et \u00e0 nos tests minutieux, repr\u00e9sentent ce qui fait notre diff\u00e9rence. Nous garantissons ainsi que notre produit peut \u00eatre qualifi\u00e9 de \u201cgrand caf\u00e9\u201d \u00e0 chaque portion.<\/p><\/div><\/div><\/div><\/div>\n\t\t\t\t\t<\/div>\n\t\t\t\t\t\t<\/div>\n\t\t\t\t<\/div>\n\t\t\t\t\t<\/div>\n\t\t\t\t<\/div>\n\t\t<div class=\"wd-negative-gap elementor-element elementor-element-9715ebd e-flex e-con-boxed e-con e-parent\" data-id=\"9715ebd\" data-element_type=\"container\" data-e-type=\"container\">\n\t\t\t\t\t<div class=\"e-con-inner\">\n\t\t\t\t<div class=\"elementor-element elementor-element-57ef51c elementor-widget elementor-widget-spacer\" data-id=\"57ef51c\" data-element_type=\"widget\" data-e-type=\"widget\" data-widget_type=\"spacer.default\">\n\t\t\t\t<div class=\"elementor-widget-container\">\n\t\t\t\t\t\t\t<div class=\"elementor-spacer\">\n\t\t\t<div class=\"elementor-spacer-inner\"><\/div>\n\t\t<\/div>\n\t\t\t\t\t\t<\/div>\n\t\t\t\t<\/div>\n\t\t\t\t\t<\/div>\n\t\t\t\t<\/div>\n\t\t<div class=\"wd-negative-gap elementor-element elementor-element-d16fbf9 e-flex e-con-boxed elementor-invisible e-con e-parent\" data-id=\"d16fbf9\" data-element_type=\"container\" data-e-type=\"container\" data-settings=\"{&quot;animation&quot;:&quot;slideInLeft&quot;}\">\n\t\t\t\t\t<div class=\"e-con-inner\">\n\t\t\t\t<div class=\"elementor-element elementor-element-a1b51a6 elementor-widget elementor-widget-image\" data-id=\"a1b51a6\" data-element_type=\"widget\" data-e-type=\"widget\" data-widget_type=\"image.default\">\n\t\t\t\t<div class=\"elementor-widget-container\">\n\t\t\t\t\t\t\t\t\t\t\t\t\t\t\t<img loading=\"lazy\" decoding=\"async\" width=\"1200\" height=\"800\" src=\"https:\/\/ilmiocafecacao.it\/wp-content\/uploads\/2025\/04\/Blog-torrefaction.jpg\" class=\"attachment-large size-large wp-image-28014\" alt=\"\" srcset=\"https:\/\/ilmiocafecacao.it\/wp-content\/uploads\/2025\/04\/Blog-torrefaction.jpg 1200w, https:\/\/ilmiocafecacao.it\/wp-content\/uploads\/2025\/04\/Blog-torrefaction-400x267.jpg 400w, https:\/\/ilmiocafecacao.it\/wp-content\/uploads\/2025\/04\/Blog-torrefaction-768x512.jpg 768w, https:\/\/ilmiocafecacao.it\/wp-content\/uploads\/2025\/04\/Blog-torrefaction-430x287.jpg 430w, https:\/\/ilmiocafecacao.it\/wp-content\/uploads\/2025\/04\/Blog-torrefaction-700x467.jpg 700w, https:\/\/ilmiocafecacao.it\/wp-content\/uploads\/2025\/04\/Blog-torrefaction-150x100.jpg 150w\" sizes=\"(max-width: 1200px) 100vw, 1200px\" \/>\t\t\t\t\t\t\t\t\t\t\t\t\t\t\t<\/div>\n\t\t\t\t<\/div>\n\t\t\t\t\t<\/div>\n\t\t\t\t<\/div>\n\t\t\t\t<\/div>\n\t\t","protected":false},"excerpt":{"rendered":"<p>Pour faire un bon caf\u00e9, il faut partir de tr\u00e8s loin car la qualit\u00e9 d\u00e9pend avant tout des mati\u00e8res premi\u00e8res<\/p>\n","protected":false},"author":1,"featured_media":0,"parent":0,"menu_order":0,"comment_status":"closed","ping_status":"closed","template":"","meta":{"footnotes":""},"class_list":["post-28011","page","type-page","status-publish","hentry"],"yoast_head":"<!-- This site is optimized with the Yoast SEO plugin v25.6 - https:\/\/yoast.com\/wordpress\/plugins\/seo\/ -->\n<title>Torr\u00e9faction de caf\u00e9 - ilmiocafecacao<\/title>\n<meta name=\"robots\" content=\"index, follow, max-snippet:-1, max-image-preview:large, max-video-preview:-1\" \/>\n<link rel=\"canonical\" href=\"https:\/\/ilmiocafecacao.it\/acceuil\/production-de-cafe\/\" \/>\n<meta property=\"og:locale\" content=\"fr_FR\" \/>\n<meta property=\"og:type\" content=\"article\" \/>\n<meta property=\"og:title\" content=\"Torr\u00e9faction de caf\u00e9 - ilmiocafecacao\" \/>\n<meta property=\"og:description\" content=\"Pour faire un bon caf\u00e9, il faut partir de tr\u00e8s loin car la qualit\u00e9 d\u00e9pend avant tout des mati\u00e8res premi\u00e8res\" \/>\n<meta property=\"og:url\" content=\"https:\/\/ilmiocafecacao.it\/acceuil\/production-de-cafe\/\" \/>\n<meta property=\"og:site_name\" content=\"ilmiocafecacao\" \/>\n<meta property=\"article:modified_time\" content=\"2025-04-22T15:06:36+00:00\" \/>\n<meta property=\"og:image\" content=\"https:\/\/ilmiocafecacao.it\/wp-content\/uploads\/2025\/04\/prod_2.jpg\" \/>\n\t<meta property=\"og:image:width\" content=\"1800\" \/>\n\t<meta property=\"og:image:height\" content=\"1200\" \/>\n\t<meta property=\"og:image:type\" content=\"image\/jpeg\" \/>\n<meta name=\"twitter:card\" content=\"summary_large_image\" \/>\n<meta name=\"twitter:label1\" content=\"Dur\u00e9e de lecture estim\u00e9e\" \/>\n\t<meta name=\"twitter:data1\" content=\"2 minutes\" \/>\n<script type=\"application\/ld+json\" class=\"yoast-schema-graph\">{\"@context\":\"https:\/\/schema.org\",\"@graph\":[{\"@type\":\"WebPage\",\"@id\":\"https:\/\/ilmiocafecacao.it\/acceuil\/production-de-cafe\/\",\"url\":\"https:\/\/ilmiocafecacao.it\/acceuil\/production-de-cafe\/\",\"name\":\"Torr\u00e9faction de caf\u00e9 - ilmiocafecacao\",\"isPartOf\":{\"@id\":\"https:\/\/ilmiocafecacao.it\/acceuil\/#website\"},\"primaryImageOfPage\":{\"@id\":\"https:\/\/ilmiocafecacao.it\/acceuil\/production-de-cafe\/#primaryimage\"},\"image\":{\"@id\":\"https:\/\/ilmiocafecacao.it\/acceuil\/production-de-cafe\/#primaryimage\"},\"thumbnailUrl\":\"https:\/\/ilmiocafecacao.it\/wp-content\/uploads\/2025\/04\/prod_2-1200x800.jpg\",\"datePublished\":\"2025-04-22T11:06:49+00:00\",\"dateModified\":\"2025-04-22T15:06:36+00:00\",\"breadcrumb\":{\"@id\":\"https:\/\/ilmiocafecacao.it\/acceuil\/production-de-cafe\/#breadcrumb\"},\"inLanguage\":\"fr-FR\",\"potentialAction\":[{\"@type\":\"ReadAction\",\"target\":[\"https:\/\/ilmiocafecacao.it\/acceuil\/production-de-cafe\/\"]}]},{\"@type\":\"ImageObject\",\"inLanguage\":\"fr-FR\",\"@id\":\"https:\/\/ilmiocafecacao.it\/acceuil\/production-de-cafe\/#primaryimage\",\"url\":\"https:\/\/ilmiocafecacao.it\/wp-content\/uploads\/2025\/04\/prod_2-1200x800.jpg\",\"contentUrl\":\"https:\/\/ilmiocafecacao.it\/wp-content\/uploads\/2025\/04\/prod_2-1200x800.jpg\"},{\"@type\":\"BreadcrumbList\",\"@id\":\"https:\/\/ilmiocafecacao.it\/acceuil\/production-de-cafe\/#breadcrumb\",\"itemListElement\":[{\"@type\":\"ListItem\",\"position\":1,\"name\":\"Home\",\"item\":\"https:\/\/ilmiocafecacao.it\/acceuil\/\"},{\"@type\":\"ListItem\",\"position\":2,\"name\":\"Torr\u00e9faction de caf\u00e9\"}]},{\"@type\":\"WebSite\",\"@id\":\"https:\/\/ilmiocafecacao.it\/acceuil\/#website\",\"url\":\"https:\/\/ilmiocafecacao.it\/acceuil\/\",\"name\":\"cafe il mio\",\"description\":\"Noisette et caf\u00e9 italien\",\"publisher\":{\"@id\":\"https:\/\/ilmiocafecacao.it\/acceuil\/#organization\"},\"alternateName\":\"cafe il mio\",\"potentialAction\":[{\"@type\":\"SearchAction\",\"target\":{\"@type\":\"EntryPoint\",\"urlTemplate\":\"https:\/\/ilmiocafecacao.it\/acceuil\/?s={search_term_string}\"},\"query-input\":{\"@type\":\"PropertyValueSpecification\",\"valueRequired\":true,\"valueName\":\"search_term_string\"}}],\"inLanguage\":\"fr-FR\"},{\"@type\":\"Organization\",\"@id\":\"https:\/\/ilmiocafecacao.it\/acceuil\/#organization\",\"name\":\"ilmiocafecacao\",\"url\":\"https:\/\/ilmiocafecacao.it\/acceuil\/\",\"logo\":{\"@type\":\"ImageObject\",\"inLanguage\":\"fr-FR\",\"@id\":\"https:\/\/ilmiocafecacao.it\/acceuil\/#\/schema\/logo\/image\/\",\"url\":\"https:\/\/ilmiocafecacao.it\/wp-content\/uploads\/2025\/04\/icone-noir.jpg\",\"contentUrl\":\"https:\/\/ilmiocafecacao.it\/wp-content\/uploads\/2025\/04\/icone-noir.jpg\",\"width\":512,\"height\":443,\"caption\":\"ilmiocafecacao\"},\"image\":{\"@id\":\"https:\/\/ilmiocafecacao.it\/acceuil\/#\/schema\/logo\/image\/\"}}]}<\/script>\n<!-- \/ Yoast SEO plugin. -->","yoast_head_json":{"title":"Torr\u00e9faction de caf\u00e9 - ilmiocafecacao","robots":{"index":"index","follow":"follow","max-snippet":"max-snippet:-1","max-image-preview":"max-image-preview:large","max-video-preview":"max-video-preview:-1"},"canonical":"https:\/\/ilmiocafecacao.it\/acceuil\/production-de-cafe\/","og_locale":"fr_FR","og_type":"article","og_title":"Torr\u00e9faction de caf\u00e9 - ilmiocafecacao","og_description":"Pour faire un bon caf\u00e9, il faut partir de tr\u00e8s loin car la qualit\u00e9 d\u00e9pend avant tout des mati\u00e8res premi\u00e8res","og_url":"https:\/\/ilmiocafecacao.it\/acceuil\/production-de-cafe\/","og_site_name":"ilmiocafecacao","article_modified_time":"2025-04-22T15:06:36+00:00","og_image":[{"width":1800,"height":1200,"url":"https:\/\/ilmiocafecacao.it\/wp-content\/uploads\/2025\/04\/prod_2.jpg","type":"image\/jpeg"}],"twitter_card":"summary_large_image","twitter_misc":{"Dur\u00e9e de lecture estim\u00e9e":"2 minutes"},"schema":{"@context":"https:\/\/schema.org","@graph":[{"@type":"WebPage","@id":"https:\/\/ilmiocafecacao.it\/acceuil\/production-de-cafe\/","url":"https:\/\/ilmiocafecacao.it\/acceuil\/production-de-cafe\/","name":"Torr\u00e9faction de caf\u00e9 - ilmiocafecacao","isPartOf":{"@id":"https:\/\/ilmiocafecacao.it\/acceuil\/#website"},"primaryImageOfPage":{"@id":"https:\/\/ilmiocafecacao.it\/acceuil\/production-de-cafe\/#primaryimage"},"image":{"@id":"https:\/\/ilmiocafecacao.it\/acceuil\/production-de-cafe\/#primaryimage"},"thumbnailUrl":"https:\/\/ilmiocafecacao.it\/wp-content\/uploads\/2025\/04\/prod_2-1200x800.jpg","datePublished":"2025-04-22T11:06:49+00:00","dateModified":"2025-04-22T15:06:36+00:00","breadcrumb":{"@id":"https:\/\/ilmiocafecacao.it\/acceuil\/production-de-cafe\/#breadcrumb"},"inLanguage":"fr-FR","potentialAction":[{"@type":"ReadAction","target":["https:\/\/ilmiocafecacao.it\/acceuil\/production-de-cafe\/"]}]},{"@type":"ImageObject","inLanguage":"fr-FR","@id":"https:\/\/ilmiocafecacao.it\/acceuil\/production-de-cafe\/#primaryimage","url":"https:\/\/ilmiocafecacao.it\/wp-content\/uploads\/2025\/04\/prod_2-1200x800.jpg","contentUrl":"https:\/\/ilmiocafecacao.it\/wp-content\/uploads\/2025\/04\/prod_2-1200x800.jpg"},{"@type":"BreadcrumbList","@id":"https:\/\/ilmiocafecacao.it\/acceuil\/production-de-cafe\/#breadcrumb","itemListElement":[{"@type":"ListItem","position":1,"name":"Home","item":"https:\/\/ilmiocafecacao.it\/acceuil\/"},{"@type":"ListItem","position":2,"name":"Torr\u00e9faction de caf\u00e9"}]},{"@type":"WebSite","@id":"https:\/\/ilmiocafecacao.it\/acceuil\/#website","url":"https:\/\/ilmiocafecacao.it\/acceuil\/","name":"cafe il mio","description":"Noisette et caf\u00e9 italien","publisher":{"@id":"https:\/\/ilmiocafecacao.it\/acceuil\/#organization"},"alternateName":"cafe il mio","potentialAction":[{"@type":"SearchAction","target":{"@type":"EntryPoint","urlTemplate":"https:\/\/ilmiocafecacao.it\/acceuil\/?s={search_term_string}"},"query-input":{"@type":"PropertyValueSpecification","valueRequired":true,"valueName":"search_term_string"}}],"inLanguage":"fr-FR"},{"@type":"Organization","@id":"https:\/\/ilmiocafecacao.it\/acceuil\/#organization","name":"ilmiocafecacao","url":"https:\/\/ilmiocafecacao.it\/acceuil\/","logo":{"@type":"ImageObject","inLanguage":"fr-FR","@id":"https:\/\/ilmiocafecacao.it\/acceuil\/#\/schema\/logo\/image\/","url":"https:\/\/ilmiocafecacao.it\/wp-content\/uploads\/2025\/04\/icone-noir.jpg","contentUrl":"https:\/\/ilmiocafecacao.it\/wp-content\/uploads\/2025\/04\/icone-noir.jpg","width":512,"height":443,"caption":"ilmiocafecacao"},"image":{"@id":"https:\/\/ilmiocafecacao.it\/acceuil\/#\/schema\/logo\/image\/"}}]}},"_links":{"self":[{"href":"https:\/\/ilmiocafecacao.it\/acceuil\/wp-json\/wp\/v2\/pages\/28011"}],"collection":[{"href":"https:\/\/ilmiocafecacao.it\/acceuil\/wp-json\/wp\/v2\/pages"}],"about":[{"href":"https:\/\/ilmiocafecacao.it\/acceuil\/wp-json\/wp\/v2\/types\/page"}],"author":[{"embeddable":true,"href":"https:\/\/ilmiocafecacao.it\/acceuil\/wp-json\/wp\/v2\/users\/1"}],"replies":[{"embeddable":true,"href":"https:\/\/ilmiocafecacao.it\/acceuil\/wp-json\/wp\/v2\/comments?post=28011"}],"version-history":[{"count":14,"href":"https:\/\/ilmiocafecacao.it\/acceuil\/wp-json\/wp\/v2\/pages\/28011\/revisions"}],"predecessor-version":[{"id":28142,"href":"https:\/\/ilmiocafecacao.it\/acceuil\/wp-json\/wp\/v2\/pages\/28011\/revisions\/28142"}],"wp:attachment":[{"href":"https:\/\/ilmiocafecacao.it\/acceuil\/wp-json\/wp\/v2\/media?parent=28011"}],"curies":[{"name":"wp","href":"https:\/\/api.w.org\/{rel}","templated":true}]}}