{"id":27673,"date":"2025-04-18T22:36:07","date_gmt":"2025-04-18T20:36:07","guid":{"rendered":"https:\/\/ilmiocafecacao.it\/?page_id=27673"},"modified":"2025-04-22T20:25:59","modified_gmt":"2025-04-22T18:25:59","slug":"les-sucreries","status":"publish","type":"page","link":"https:\/\/ilmiocafecacao.it\/acceuil\/les-sucreries\/","title":{"rendered":"Les sucreries"},"content":{"rendered":"\t\t<div data-elementor-type=\"wp-page\" data-elementor-id=\"27673\" class=\"elementor elementor-27673\">\n\t\t\t\t<div class=\"wd-negative-gap elementor-element elementor-element-d52786f e-flex e-con-boxed e-con e-parent\" data-id=\"d52786f\" data-element_type=\"container\" data-e-type=\"container\">\n\t\t\t\t\t<div class=\"e-con-inner\">\n\t\t\t\t<div class=\"elementor-element elementor-element-1c1e026 elementor-widget elementor-widget-spacer\" data-id=\"1c1e026\" data-element_type=\"widget\" data-e-type=\"widget\" data-widget_type=\"spacer.default\">\n\t\t\t\t<div class=\"elementor-widget-container\">\n\t\t\t\t\t\t\t<div class=\"elementor-spacer\">\n\t\t\t<div class=\"elementor-spacer-inner\"><\/div>\n\t\t<\/div>\n\t\t\t\t\t\t<\/div>\n\t\t\t\t<\/div>\n\t\t\t\t\t<\/div>\n\t\t\t\t<\/div>\n\t\t<div class=\"wd-negative-gap elementor-element elementor-element-e8cdbc3 e-flex e-con-boxed elementor-invisible e-con e-parent\" data-id=\"e8cdbc3\" data-element_type=\"container\" data-e-type=\"container\" data-settings=\"{&quot;animation&quot;:&quot;fadeInLeft&quot;}\">\n\t\t\t\t\t<div class=\"e-con-inner\">\n\t\t<div class=\"elementor-element elementor-element-156fffc e-con-full e-flex e-con e-child\" data-id=\"156fffc\" data-element_type=\"container\" data-e-type=\"container\">\n\t\t\t\t<div class=\"elementor-element elementor-element-2204df6 elementor-widget elementor-widget-image\" data-id=\"2204df6\" data-element_type=\"widget\" data-e-type=\"widget\" data-widget_type=\"image.default\">\n\t\t\t\t<div class=\"elementor-widget-container\">\n\t\t\t\t\t\t\t\t\t\t\t\t\t\t\t<img loading=\"lazy\" decoding=\"async\" width=\"768\" height=\"510\" src=\"https:\/\/ilmiocafecacao.it\/wp-content\/uploads\/2025\/04\/nutella-gateau-17496abb-768x510.webp\" class=\"attachment-medium_large size-medium_large wp-image-27675\" alt=\"\" srcset=\"https:\/\/ilmiocafecacao.it\/wp-content\/uploads\/2025\/04\/nutella-gateau-17496abb-768x510.webp 768w, https:\/\/ilmiocafecacao.it\/wp-content\/uploads\/2025\/04\/nutella-gateau-17496abb-430x286.webp 430w, https:\/\/ilmiocafecacao.it\/wp-content\/uploads\/2025\/04\/nutella-gateau-17496abb-150x100.webp 150w, https:\/\/ilmiocafecacao.it\/wp-content\/uploads\/2025\/04\/nutella-gateau-17496abb-700x465.webp 700w, https:\/\/ilmiocafecacao.it\/wp-content\/uploads\/2025\/04\/nutella-gateau-17496abb-400x266.webp 400w, https:\/\/ilmiocafecacao.it\/wp-content\/uploads\/2025\/04\/nutella-gateau-17496abb.webp 900w\" sizes=\"(max-width: 768px) 100vw, 768px\" \/>\t\t\t\t\t\t\t\t\t\t\t\t\t\t\t<\/div>\n\t\t\t\t<\/div>\n\t\t\t\t<\/div>\n\t\t<div class=\"elementor-element elementor-element-7277c51 e-con-full e-flex e-con e-child\" data-id=\"7277c51\" data-element_type=\"container\" data-e-type=\"container\">\n\t\t\t\t<div class=\"elementor-element elementor-element-ef07a75 elementor-widget elementor-widget-wd_text_block\" data-id=\"ef07a75\" data-element_type=\"widget\" data-e-type=\"widget\" data-widget_type=\"wd_text_block.default\">\n\t\t\t\t<div class=\"elementor-widget-container\">\n\t\t\t\t\t\t\t<div class=\"wd-text-block reset-last-child text-left\">\n\t\t\t\n\t\t\t<div class=\"uk-grid-small uk-flex-middle uk-grid uk-grid-stack\"><div class=\"uk-grid-small uk-flex-middle uk-grid uk-grid-stack\"><h1 class=\"uk-heading-small uk-width-xlarge\">G\u00e2teau avec caf\u00e9 MANELLI<\/h1><div class=\"uk-panel uk-margin\"><p>Les ingr\u00e9dients: 6 oeufs, 100 grammes de sucre, 100 grammes de beurre fondu, 300 grammes de noisettes, 100 grammes de chocolat noir, 1 cuill\u00e8re \u00e0 soupe de farine, une pinc\u00e9e de levure<\/p><p>preparation: s\u00e9parer le blanc du rouge des \u0153ufs, monter en neige les 6 blancs, m\u00e9langer les 6 rouges avec le sucre et le beurre, Pr\u00e9pare une tasse de caf\u00e9 MANELLI (pas trop forte, environ 100-120 ml). Laisse-le ti\u00e9dir l\u00e9g\u00e8rement.<br \/>Ajoute ce caf\u00e9 ti\u00e8de au m\u00e9lange des 6 jaunes d'\u0153ufs.<\/p><p>m\u00e9langer la farine avec une pinc\u00e9e de levure pour desserts et incorporer doucement \u00e0 la masse faite avec le rouge de l\u2019\u0153uf. m\u00e9langer \u00e0 part les noisettes. ajouter le sucre restant au m\u00e9lange rouge d\u2019oeufs et aux noisettes hach\u00e9es. m\u00e9langer doucement avec les montages \u00e0 neige blanche. cuire au four pendant environ 30\/35 minutes \u00e0 180 \u00b0 dans un moule beurr\u00e9 et farin\u00e9, sortir du four quand il est froid.<\/p><\/div><\/div><\/div>\n\t\t\t\t\t<\/div>\n\t\t\t\t\t\t<\/div>\n\t\t\t\t<\/div>\n\t\t\t\t<\/div>\n\t\t\t\t\t<\/div>\n\t\t\t\t<\/div>\n\t\t<div class=\"wd-negative-gap elementor-element elementor-element-1786fef e-flex e-con-boxed e-con e-parent\" data-id=\"1786fef\" data-element_type=\"container\" data-e-type=\"container\">\n\t\t\t\t\t<div class=\"e-con-inner\">\n\t\t\t\t<div class=\"elementor-element elementor-element-81fbcfb elementor-widget elementor-widget-spacer\" data-id=\"81fbcfb\" data-element_type=\"widget\" data-e-type=\"widget\" data-widget_type=\"spacer.default\">\n\t\t\t\t<div class=\"elementor-widget-container\">\n\t\t\t\t\t\t\t<div class=\"elementor-spacer\">\n\t\t\t<div class=\"elementor-spacer-inner\"><\/div>\n\t\t<\/div>\n\t\t\t\t\t\t<\/div>\n\t\t\t\t<\/div>\n\t\t\t\t\t<\/div>\n\t\t\t\t<\/div>\n\t\t<div class=\"wd-negative-gap elementor-element elementor-element-2b67962 e-flex e-con-boxed elementor-invisible e-con e-parent\" data-id=\"2b67962\" data-element_type=\"container\" data-e-type=\"container\" data-settings=\"{&quot;animation&quot;:&quot;fadeInRight&quot;}\">\n\t\t\t\t\t<div class=\"e-con-inner\">\n\t\t<div class=\"elementor-element elementor-element-c7f16bc e-con-full e-flex e-con e-child\" data-id=\"c7f16bc\" data-element_type=\"container\" data-e-type=\"container\">\n\t\t\t\t<div class=\"elementor-element elementor-element-9b91d2e elementor-widget elementor-widget-image\" data-id=\"9b91d2e\" data-element_type=\"widget\" data-e-type=\"widget\" data-widget_type=\"image.default\">\n\t\t\t\t<div class=\"elementor-widget-container\">\n\t\t\t\t\t\t\t\t\t\t\t\t\t\t\t<img loading=\"lazy\" decoding=\"async\" width=\"900\" height=\"600\" src=\"https:\/\/ilmiocafecacao.it\/wp-content\/uploads\/2025\/04\/nutella-creme-glacee-2e21ccba.webp\" class=\"attachment-large size-large wp-image-27676\" alt=\"\" srcset=\"https:\/\/ilmiocafecacao.it\/wp-content\/uploads\/2025\/04\/nutella-creme-glacee-2e21ccba.webp 900w, https:\/\/ilmiocafecacao.it\/wp-content\/uploads\/2025\/04\/nutella-creme-glacee-2e21ccba-430x287.webp 430w, https:\/\/ilmiocafecacao.it\/wp-content\/uploads\/2025\/04\/nutella-creme-glacee-2e21ccba-150x100.webp 150w, https:\/\/ilmiocafecacao.it\/wp-content\/uploads\/2025\/04\/nutella-creme-glacee-2e21ccba-700x467.webp 700w, https:\/\/ilmiocafecacao.it\/wp-content\/uploads\/2025\/04\/nutella-creme-glacee-2e21ccba-400x267.webp 400w, https:\/\/ilmiocafecacao.it\/wp-content\/uploads\/2025\/04\/nutella-creme-glacee-2e21ccba-768x512.webp 768w\" sizes=\"(max-width: 900px) 100vw, 900px\" \/>\t\t\t\t\t\t\t\t\t\t\t\t\t\t\t<\/div>\n\t\t\t\t<\/div>\n\t\t\t\t<\/div>\n\t\t<div class=\"elementor-element elementor-element-7d8ff64 e-con-full e-flex e-con e-child\" data-id=\"7d8ff64\" data-element_type=\"container\" data-e-type=\"container\">\n\t\t\t\t<div class=\"elementor-element elementor-element-edef3e1 elementor-widget elementor-widget-wd_text_block\" data-id=\"edef3e1\" data-element_type=\"widget\" data-e-type=\"widget\" data-widget_type=\"wd_text_block.default\">\n\t\t\t\t<div class=\"elementor-widget-container\">\n\t\t\t\t\t\t\t<div class=\"wd-text-block reset-last-child text-left\">\n\t\t\t\n\t\t\t<div class=\"uk-grid-small uk-flex-middle uk-grid uk-grid-stack\"><h1 class=\"uk-heading-small uk-width-xlarge\">CAFE IL MIO\u00a0 glace<\/h1><div class=\"uk-panel uk-margin\"><p>Les ingr\u00e9dients: 300 grammes de lait, 500 grammes de cr\u00e8me, 250 grammes de sucre, 150 grammes de p\u00e2te de noisettes.<\/p><p>preparation:\u00a0mettre le lait dans une po\u00eale, ajouter le sucre et allumer le feu, ajouter la cr\u00e8me et cuire \u00e0 feu doux. quand commence l\u2019ebullition, laisser cuire encore 5 minutes, \u00e9teindre le feu, laisser refroidir, ajouter 150 grammes de p\u00e2te de noisettes. m\u00e9langer dans la sorbeti\u00e8re.<\/p><\/div><\/div>\n\t\t\t\t\t<\/div>\n\t\t\t\t\t\t<\/div>\n\t\t\t\t<\/div>\n\t\t\t\t<\/div>\n\t\t\t\t\t<\/div>\n\t\t\t\t<\/div>\n\t\t<div class=\"wd-negative-gap elementor-element elementor-element-1319a5a e-flex e-con-boxed e-con e-parent\" data-id=\"1319a5a\" data-element_type=\"container\" data-e-type=\"container\">\n\t\t\t\t\t<div class=\"e-con-inner\">\n\t\t\t\t<div class=\"elementor-element elementor-element-79e1f6c elementor-widget elementor-widget-spacer\" data-id=\"79e1f6c\" data-element_type=\"widget\" data-e-type=\"widget\" data-widget_type=\"spacer.default\">\n\t\t\t\t<div class=\"elementor-widget-container\">\n\t\t\t\t\t\t\t<div class=\"elementor-spacer\">\n\t\t\t<div class=\"elementor-spacer-inner\"><\/div>\n\t\t<\/div>\n\t\t\t\t\t\t<\/div>\n\t\t\t\t<\/div>\n\t\t\t\t\t<\/div>\n\t\t\t\t<\/div>\n\t\t<div class=\"wd-negative-gap elementor-element elementor-element-17fcb43 e-flex e-con-boxed elementor-invisible e-con e-parent\" data-id=\"17fcb43\" data-element_type=\"container\" data-e-type=\"container\" data-settings=\"{&quot;animation&quot;:&quot;fadeInLeft&quot;}\">\n\t\t\t\t\t<div class=\"e-con-inner\">\n\t\t<div class=\"elementor-element elementor-element-90b2ec7 e-con-full e-flex e-con e-child\" data-id=\"90b2ec7\" data-element_type=\"container\" data-e-type=\"container\">\n\t\t\t\t<div class=\"elementor-element elementor-element-8c56e41 elementor-widget elementor-widget-image\" data-id=\"8c56e41\" data-element_type=\"widget\" data-e-type=\"widget\" data-widget_type=\"image.default\">\n\t\t\t\t<div class=\"elementor-widget-container\">\n\t\t\t\t\t\t\t\t\t\t\t\t\t\t\t<img loading=\"lazy\" decoding=\"async\" width=\"900\" height=\"600\" src=\"https:\/\/ilmiocafecacao.it\/wp-content\/uploads\/2025\/04\/Noyer-bavarois-nutalien-490cdd17.webp\" class=\"attachment-large size-large wp-image-27677\" alt=\"\" srcset=\"https:\/\/ilmiocafecacao.it\/wp-content\/uploads\/2025\/04\/Noyer-bavarois-nutalien-490cdd17.webp 900w, https:\/\/ilmiocafecacao.it\/wp-content\/uploads\/2025\/04\/Noyer-bavarois-nutalien-490cdd17-430x287.webp 430w, https:\/\/ilmiocafecacao.it\/wp-content\/uploads\/2025\/04\/Noyer-bavarois-nutalien-490cdd17-150x100.webp 150w, https:\/\/ilmiocafecacao.it\/wp-content\/uploads\/2025\/04\/Noyer-bavarois-nutalien-490cdd17-700x467.webp 700w, https:\/\/ilmiocafecacao.it\/wp-content\/uploads\/2025\/04\/Noyer-bavarois-nutalien-490cdd17-400x267.webp 400w, https:\/\/ilmiocafecacao.it\/wp-content\/uploads\/2025\/04\/Noyer-bavarois-nutalien-490cdd17-768x512.webp 768w\" sizes=\"(max-width: 900px) 100vw, 900px\" \/>\t\t\t\t\t\t\t\t\t\t\t\t\t\t\t<\/div>\n\t\t\t\t<\/div>\n\t\t\t\t<\/div>\n\t\t<div class=\"elementor-element elementor-element-9936630 e-con-full e-flex e-con e-child\" data-id=\"9936630\" data-element_type=\"container\" data-e-type=\"container\">\n\t\t\t\t<div class=\"elementor-element elementor-element-c28b59e elementor-widget elementor-widget-wd_text_block\" data-id=\"c28b59e\" data-element_type=\"widget\" data-e-type=\"widget\" data-widget_type=\"wd_text_block.default\">\n\t\t\t\t<div class=\"elementor-widget-container\">\n\t\t\t\t\t\t\t<div class=\"wd-text-block reset-last-child text-left\">\n\t\t\t\n\t\t\t<div class=\"uk-grid-small uk-flex-middle uk-grid uk-grid-stack\"><h1 class=\"uk-heading-small uk-width-xlarge\">Bavaroise CAFE IL MIO<\/h1><div class=\"uk-panel uk-margin\"><p>Les ingr\u00e9dients: 1 lt de lait, 200 grammes de sucre, 3 oeufs entiers, 130 grammes de farine, \u00bd sachet de vanille, 4 feuilles de g\u00e9latine, 100 grammes de p\u00e2te de noisettes, cr\u00e8me fraiche \u00e0 monter et des noisettes pour la garniture<\/p><p>preparation:\u00a0m\u00e9langer la farine et le sucre, ajouter les oeufs et m\u00e9langer pour permettre\u00a0aux\u00a0ingr\u00e9dients de dissoudre sans la formation de grumeaux. ajouter le lait.\u00a0laissez cuire \u00e0 feu doux et porter \u00e0 \u00e9bullition (comme pour une cr\u00e8me p\u00e2tissi\u00e8re). \u00e0 ce moment retirer du feu, ajouter la p\u00e2te de noisettes et la gel\u00e8e et m\u00e9langer rapidement jusqu\u2019\u00e0 obtenir un m\u00e9lange cr\u00e9meux. verser le tout dans un moule et placer dans le r\u00e9frig\u00e9rateur pendant 10 heures. retourner, garnir et servir.<\/p><\/div><\/div>\n\t\t\t\t\t<\/div>\n\t\t\t\t\t\t<\/div>\n\t\t\t\t<\/div>\n\t\t\t\t<\/div>\n\t\t\t\t\t<\/div>\n\t\t\t\t<\/div>\n\t\t\t\t<\/div>\n\t\t","protected":false},"excerpt":{"rendered":"<p>G\u00e2teau avec caf\u00e9 MANELLI Les ingr\u00e9dients: 6 oeufs, 100 grammes de sucre, 100 grammes de beurre fondu, 300 grammes de<\/p>\n","protected":false},"author":1,"featured_media":0,"parent":0,"menu_order":0,"comment_status":"closed","ping_status":"closed","template":"","meta":{"footnotes":""},"class_list":["post-27673","page","type-page","status-publish","hentry"],"yoast_head":"<!-- This site is optimized with the Yoast SEO plugin v25.6 - https:\/\/yoast.com\/wordpress\/plugins\/seo\/ -->\n<title>Les sucreries - ilmiocafecacao<\/title>\n<meta name=\"robots\" content=\"index, follow, max-snippet:-1, max-image-preview:large, max-video-preview:-1\" \/>\n<link rel=\"canonical\" href=\"https:\/\/ilmiocafecacao.it\/acceuil\/les-sucreries\/\" \/>\n<meta property=\"og:locale\" content=\"fr_FR\" \/>\n<meta property=\"og:type\" content=\"article\" \/>\n<meta property=\"og:title\" content=\"Les sucreries - ilmiocafecacao\" \/>\n<meta property=\"og:description\" content=\"G\u00e2teau avec caf\u00e9 MANELLI Les ingr\u00e9dients: 6 oeufs, 100 grammes de sucre, 100 grammes de beurre fondu, 300 grammes de\" \/>\n<meta property=\"og:url\" content=\"https:\/\/ilmiocafecacao.it\/acceuil\/les-sucreries\/\" \/>\n<meta property=\"og:site_name\" content=\"ilmiocafecacao\" \/>\n<meta property=\"article:modified_time\" content=\"2025-04-22T18:25:59+00:00\" \/>\n<meta property=\"og:image\" content=\"https:\/\/ilmiocafecacao.it\/wp-content\/uploads\/2025\/04\/nutella-gateau-17496abb.webp\" \/>\n\t<meta property=\"og:image:width\" content=\"900\" \/>\n\t<meta property=\"og:image:height\" content=\"598\" \/>\n\t<meta property=\"og:image:type\" content=\"image\/webp\" \/>\n<meta name=\"twitter:card\" content=\"summary_large_image\" \/>\n<meta name=\"twitter:label1\" content=\"Dur\u00e9e de lecture estim\u00e9e\" \/>\n\t<meta name=\"twitter:data1\" content=\"2 minutes\" \/>\n<script type=\"application\/ld+json\" class=\"yoast-schema-graph\">{\"@context\":\"https:\/\/schema.org\",\"@graph\":[{\"@type\":\"WebPage\",\"@id\":\"https:\/\/ilmiocafecacao.it\/acceuil\/les-sucreries\/\",\"url\":\"https:\/\/ilmiocafecacao.it\/acceuil\/les-sucreries\/\",\"name\":\"Les sucreries - ilmiocafecacao\",\"isPartOf\":{\"@id\":\"https:\/\/ilmiocafecacao.it\/acceuil\/#website\"},\"primaryImageOfPage\":{\"@id\":\"https:\/\/ilmiocafecacao.it\/acceuil\/les-sucreries\/#primaryimage\"},\"image\":{\"@id\":\"https:\/\/ilmiocafecacao.it\/acceuil\/les-sucreries\/#primaryimage\"},\"thumbnailUrl\":\"https:\/\/ilmiocafecacao.it\/wp-content\/uploads\/2025\/04\/nutella-gateau-17496abb-768x510.webp\",\"datePublished\":\"2025-04-18T20:36:07+00:00\",\"dateModified\":\"2025-04-22T18:25:59+00:00\",\"breadcrumb\":{\"@id\":\"https:\/\/ilmiocafecacao.it\/acceuil\/les-sucreries\/#breadcrumb\"},\"inLanguage\":\"fr-FR\",\"potentialAction\":[{\"@type\":\"ReadAction\",\"target\":[\"https:\/\/ilmiocafecacao.it\/acceuil\/les-sucreries\/\"]}]},{\"@type\":\"ImageObject\",\"inLanguage\":\"fr-FR\",\"@id\":\"https:\/\/ilmiocafecacao.it\/acceuil\/les-sucreries\/#primaryimage\",\"url\":\"https:\/\/ilmiocafecacao.it\/wp-content\/uploads\/2025\/04\/nutella-gateau-17496abb-768x510.webp\",\"contentUrl\":\"https:\/\/ilmiocafecacao.it\/wp-content\/uploads\/2025\/04\/nutella-gateau-17496abb-768x510.webp\"},{\"@type\":\"BreadcrumbList\",\"@id\":\"https:\/\/ilmiocafecacao.it\/acceuil\/les-sucreries\/#breadcrumb\",\"itemListElement\":[{\"@type\":\"ListItem\",\"position\":1,\"name\":\"Home\",\"item\":\"https:\/\/ilmiocafecacao.it\/acceuil\/\"},{\"@type\":\"ListItem\",\"position\":2,\"name\":\"Les sucreries\"}]},{\"@type\":\"WebSite\",\"@id\":\"https:\/\/ilmiocafecacao.it\/acceuil\/#website\",\"url\":\"https:\/\/ilmiocafecacao.it\/acceuil\/\",\"name\":\"cafe il mio\",\"description\":\"Noisette et caf\u00e9 italien\",\"publisher\":{\"@id\":\"https:\/\/ilmiocafecacao.it\/acceuil\/#organization\"},\"alternateName\":\"cafe il mio\",\"potentialAction\":[{\"@type\":\"SearchAction\",\"target\":{\"@type\":\"EntryPoint\",\"urlTemplate\":\"https:\/\/ilmiocafecacao.it\/acceuil\/?s={search_term_string}\"},\"query-input\":{\"@type\":\"PropertyValueSpecification\",\"valueRequired\":true,\"valueName\":\"search_term_string\"}}],\"inLanguage\":\"fr-FR\"},{\"@type\":\"Organization\",\"@id\":\"https:\/\/ilmiocafecacao.it\/acceuil\/#organization\",\"name\":\"ilmiocafecacao\",\"url\":\"https:\/\/ilmiocafecacao.it\/acceuil\/\",\"logo\":{\"@type\":\"ImageObject\",\"inLanguage\":\"fr-FR\",\"@id\":\"https:\/\/ilmiocafecacao.it\/acceuil\/#\/schema\/logo\/image\/\",\"url\":\"https:\/\/ilmiocafecacao.it\/wp-content\/uploads\/2025\/04\/icone-noir.jpg\",\"contentUrl\":\"https:\/\/ilmiocafecacao.it\/wp-content\/uploads\/2025\/04\/icone-noir.jpg\",\"width\":512,\"height\":443,\"caption\":\"ilmiocafecacao\"},\"image\":{\"@id\":\"https:\/\/ilmiocafecacao.it\/acceuil\/#\/schema\/logo\/image\/\"}}]}<\/script>\n<!-- \/ Yoast SEO plugin. -->","yoast_head_json":{"title":"Les sucreries - ilmiocafecacao","robots":{"index":"index","follow":"follow","max-snippet":"max-snippet:-1","max-image-preview":"max-image-preview:large","max-video-preview":"max-video-preview:-1"},"canonical":"https:\/\/ilmiocafecacao.it\/acceuil\/les-sucreries\/","og_locale":"fr_FR","og_type":"article","og_title":"Les sucreries - ilmiocafecacao","og_description":"G\u00e2teau avec caf\u00e9 MANELLI Les ingr\u00e9dients: 6 oeufs, 100 grammes de sucre, 100 grammes de beurre fondu, 300 grammes de","og_url":"https:\/\/ilmiocafecacao.it\/acceuil\/les-sucreries\/","og_site_name":"ilmiocafecacao","article_modified_time":"2025-04-22T18:25:59+00:00","og_image":[{"width":900,"height":598,"url":"https:\/\/ilmiocafecacao.it\/wp-content\/uploads\/2025\/04\/nutella-gateau-17496abb.webp","type":"image\/webp"}],"twitter_card":"summary_large_image","twitter_misc":{"Dur\u00e9e de lecture estim\u00e9e":"2 minutes"},"schema":{"@context":"https:\/\/schema.org","@graph":[{"@type":"WebPage","@id":"https:\/\/ilmiocafecacao.it\/acceuil\/les-sucreries\/","url":"https:\/\/ilmiocafecacao.it\/acceuil\/les-sucreries\/","name":"Les sucreries - ilmiocafecacao","isPartOf":{"@id":"https:\/\/ilmiocafecacao.it\/acceuil\/#website"},"primaryImageOfPage":{"@id":"https:\/\/ilmiocafecacao.it\/acceuil\/les-sucreries\/#primaryimage"},"image":{"@id":"https:\/\/ilmiocafecacao.it\/acceuil\/les-sucreries\/#primaryimage"},"thumbnailUrl":"https:\/\/ilmiocafecacao.it\/wp-content\/uploads\/2025\/04\/nutella-gateau-17496abb-768x510.webp","datePublished":"2025-04-18T20:36:07+00:00","dateModified":"2025-04-22T18:25:59+00:00","breadcrumb":{"@id":"https:\/\/ilmiocafecacao.it\/acceuil\/les-sucreries\/#breadcrumb"},"inLanguage":"fr-FR","potentialAction":[{"@type":"ReadAction","target":["https:\/\/ilmiocafecacao.it\/acceuil\/les-sucreries\/"]}]},{"@type":"ImageObject","inLanguage":"fr-FR","@id":"https:\/\/ilmiocafecacao.it\/acceuil\/les-sucreries\/#primaryimage","url":"https:\/\/ilmiocafecacao.it\/wp-content\/uploads\/2025\/04\/nutella-gateau-17496abb-768x510.webp","contentUrl":"https:\/\/ilmiocafecacao.it\/wp-content\/uploads\/2025\/04\/nutella-gateau-17496abb-768x510.webp"},{"@type":"BreadcrumbList","@id":"https:\/\/ilmiocafecacao.it\/acceuil\/les-sucreries\/#breadcrumb","itemListElement":[{"@type":"ListItem","position":1,"name":"Home","item":"https:\/\/ilmiocafecacao.it\/acceuil\/"},{"@type":"ListItem","position":2,"name":"Les sucreries"}]},{"@type":"WebSite","@id":"https:\/\/ilmiocafecacao.it\/acceuil\/#website","url":"https:\/\/ilmiocafecacao.it\/acceuil\/","name":"cafe il mio","description":"Noisette et caf\u00e9 italien","publisher":{"@id":"https:\/\/ilmiocafecacao.it\/acceuil\/#organization"},"alternateName":"cafe il mio","potentialAction":[{"@type":"SearchAction","target":{"@type":"EntryPoint","urlTemplate":"https:\/\/ilmiocafecacao.it\/acceuil\/?s={search_term_string}"},"query-input":{"@type":"PropertyValueSpecification","valueRequired":true,"valueName":"search_term_string"}}],"inLanguage":"fr-FR"},{"@type":"Organization","@id":"https:\/\/ilmiocafecacao.it\/acceuil\/#organization","name":"ilmiocafecacao","url":"https:\/\/ilmiocafecacao.it\/acceuil\/","logo":{"@type":"ImageObject","inLanguage":"fr-FR","@id":"https:\/\/ilmiocafecacao.it\/acceuil\/#\/schema\/logo\/image\/","url":"https:\/\/ilmiocafecacao.it\/wp-content\/uploads\/2025\/04\/icone-noir.jpg","contentUrl":"https:\/\/ilmiocafecacao.it\/wp-content\/uploads\/2025\/04\/icone-noir.jpg","width":512,"height":443,"caption":"ilmiocafecacao"},"image":{"@id":"https:\/\/ilmiocafecacao.it\/acceuil\/#\/schema\/logo\/image\/"}}]}},"_links":{"self":[{"href":"https:\/\/ilmiocafecacao.it\/acceuil\/wp-json\/wp\/v2\/pages\/27673"}],"collection":[{"href":"https:\/\/ilmiocafecacao.it\/acceuil\/wp-json\/wp\/v2\/pages"}],"about":[{"href":"https:\/\/ilmiocafecacao.it\/acceuil\/wp-json\/wp\/v2\/types\/page"}],"author":[{"embeddable":true,"href":"https:\/\/ilmiocafecacao.it\/acceuil\/wp-json\/wp\/v2\/users\/1"}],"replies":[{"embeddable":true,"href":"https:\/\/ilmiocafecacao.it\/acceuil\/wp-json\/wp\/v2\/comments?post=27673"}],"version-history":[{"count":16,"href":"https:\/\/ilmiocafecacao.it\/acceuil\/wp-json\/wp\/v2\/pages\/27673\/revisions"}],"predecessor-version":[{"id":28189,"href":"https:\/\/ilmiocafecacao.it\/acceuil\/wp-json\/wp\/v2\/pages\/27673\/revisions\/28189"}],"wp:attachment":[{"href":"https:\/\/ilmiocafecacao.it\/acceuil\/wp-json\/wp\/v2\/media?parent=27673"}],"curies":[{"name":"wp","href":"https:\/\/api.w.org\/{rel}","templated":true}]}}