{"id":27665,"date":"2025-04-18T22:31:46","date_gmt":"2025-04-18T20:31:46","guid":{"rendered":"https:\/\/ilmiocafecacao.it\/?page_id=27665"},"modified":"2025-04-22T19:36:15","modified_gmt":"2025-04-22T17:36:15","slug":"deuxiemes-plats","status":"publish","type":"page","link":"https:\/\/ilmiocafecacao.it\/acceuil\/deuxiemes-plats\/","title":{"rendered":"Deuxiemes plats"},"content":{"rendered":"\t\t<div data-elementor-type=\"wp-page\" data-elementor-id=\"27665\" class=\"elementor elementor-27665\">\n\t\t\t\t<div class=\"wd-negative-gap elementor-element elementor-element-d52786f e-flex e-con-boxed e-con e-parent\" data-id=\"d52786f\" data-element_type=\"container\" data-e-type=\"container\">\n\t\t\t\t\t<div class=\"e-con-inner\">\n\t\t\t\t<div class=\"elementor-element elementor-element-1c1e026 elementor-widget elementor-widget-spacer\" data-id=\"1c1e026\" data-element_type=\"widget\" data-e-type=\"widget\" data-widget_type=\"spacer.default\">\n\t\t\t\t<div class=\"elementor-widget-container\">\n\t\t\t\t\t\t\t<div class=\"elementor-spacer\">\n\t\t\t<div class=\"elementor-spacer-inner\"><\/div>\n\t\t<\/div>\n\t\t\t\t\t\t<\/div>\n\t\t\t\t<\/div>\n\t\t\t\t\t<\/div>\n\t\t\t\t<\/div>\n\t\t<div class=\"wd-negative-gap elementor-element elementor-element-1786fef e-flex e-con-boxed e-con e-parent\" data-id=\"1786fef\" data-element_type=\"container\" data-e-type=\"container\">\n\t\t\t\t\t<div class=\"e-con-inner\">\n\t\t\t\t<div class=\"elementor-element elementor-element-81fbcfb elementor-widget elementor-widget-spacer\" data-id=\"81fbcfb\" data-element_type=\"widget\" data-e-type=\"widget\" data-widget_type=\"spacer.default\">\n\t\t\t\t<div class=\"elementor-widget-container\">\n\t\t\t\t\t\t\t<div class=\"elementor-spacer\">\n\t\t\t<div class=\"elementor-spacer-inner\"><\/div>\n\t\t<\/div>\n\t\t\t\t\t\t<\/div>\n\t\t\t\t<\/div>\n\t\t\t\t\t<\/div>\n\t\t\t\t<\/div>\n\t\t<div class=\"wd-negative-gap elementor-element elementor-element-2b67962 e-flex e-con-boxed elementor-invisible e-con e-parent\" data-id=\"2b67962\" data-element_type=\"container\" data-e-type=\"container\" data-settings=\"{&quot;animation&quot;:&quot;fadeInRight&quot;}\">\n\t\t\t\t\t<div class=\"e-con-inner\">\n\t\t<div class=\"elementor-element elementor-element-c7f16bc e-con-full e-flex e-con e-child\" data-id=\"c7f16bc\" data-element_type=\"container\" data-e-type=\"container\">\n\t\t\t\t<div class=\"elementor-element elementor-element-9b91d2e elementor-widget elementor-widget-image\" data-id=\"9b91d2e\" data-element_type=\"widget\" data-e-type=\"widget\" data-settings=\"{&quot;_animation&quot;:&quot;none&quot;}\" data-widget_type=\"image.default\">\n\t\t\t\t<div class=\"elementor-widget-container\">\n\t\t\t\t\t\t\t\t\t\t\t\t\t\t\t<img loading=\"lazy\" decoding=\"async\" width=\"900\" height=\"624\" src=\"https:\/\/ilmiocafecacao.it\/wp-content\/uploads\/2025\/04\/calamars-empailles-f5e10139.webp\" class=\"attachment-large size-large wp-image-27668\" alt=\"\" srcset=\"https:\/\/ilmiocafecacao.it\/wp-content\/uploads\/2025\/04\/calamars-empailles-f5e10139.webp 900w, https:\/\/ilmiocafecacao.it\/wp-content\/uploads\/2025\/04\/calamars-empailles-f5e10139-430x298.webp 430w, https:\/\/ilmiocafecacao.it\/wp-content\/uploads\/2025\/04\/calamars-empailles-f5e10139-150x104.webp 150w, https:\/\/ilmiocafecacao.it\/wp-content\/uploads\/2025\/04\/calamars-empailles-f5e10139-700x485.webp 700w, https:\/\/ilmiocafecacao.it\/wp-content\/uploads\/2025\/04\/calamars-empailles-f5e10139-400x277.webp 400w, https:\/\/ilmiocafecacao.it\/wp-content\/uploads\/2025\/04\/calamars-empailles-f5e10139-768x532.webp 768w\" sizes=\"(max-width: 900px) 100vw, 900px\" \/>\t\t\t\t\t\t\t\t\t\t\t\t\t\t\t<\/div>\n\t\t\t\t<\/div>\n\t\t\t\t<\/div>\n\t\t<div class=\"elementor-element elementor-element-7d8ff64 e-con-full e-flex e-con e-child\" data-id=\"7d8ff64\" data-element_type=\"container\" data-e-type=\"container\">\n\t\t\t\t<div class=\"elementor-element elementor-element-edef3e1 elementor-widget elementor-widget-wd_text_block\" data-id=\"edef3e1\" data-element_type=\"widget\" data-e-type=\"widget\" data-widget_type=\"wd_text_block.default\">\n\t\t\t\t<div class=\"elementor-widget-container\">\n\t\t\t\t\t\t\t<div class=\"wd-text-block reset-last-child text-left\">\n\t\t\t\n\t\t\t<h2 class=\"uk-grid-small uk-flex-middle uk-grid uk-grid-stack\"><strong>Calmars farcis aux noisettes<\/strong><\/h2><div class=\"uk-panel uk-margin\">les ingr\u00e9dients:\u00a04 camars grands, 60 grammes de noisettes grill\u00e9es, 300 grammes de pommes-de-terre, 1 \u0153uf, du fromage pecorino r\u00e2p\u00e9, marjolaine, origan frais, 1 gousse d\u2019ail, 200 ml de vin blanc sec, d\u2019huile d\u2019olive, pas assez de sal e de poivre.preparation:\u00a0tout d\u2019abord, nettoyez les calmars, rincez-les bien et \u00e9goutter dans une passoire, faire cuire les pommes de terre avec pau dans l\u2019eau sal\u00e9e, quand elles sont cuites, \u00e9pluchez les pommes de terre et couper en tranches. rassemblez la pur\u00e9e et la placer dans une casserole, ajoutez 1\/3 des noisettes hach\u00e9es, le fromage pecorino, l\u2019\u0153uf, 1 cuill\u00e8re \u00e0 caf\u00e9 de marjolaine fra\u00eeche et 1 cuill\u00e8re \u00e0 caf\u00e9 d\u2019origan frais, mettre du sel et du poivre. avec la puree remplir les calamars, assurez-vous que la pur\u00e9e arrive au bout. fermer les calamaris avec des cure-dents. dans une casserole faire revenir l\u2019ail. d\u00e8s que l\u2019ail commence \u00e0 frire \u00e9lever la flamme et ajouter les tentacules de calamaris coup\u00e9s en petits morceaux. ajouter le vin et laiser d\u00e9glacez, ajouter le sel et les noisettes. ajouter les calamars, couvrir et faire cuire \u00e0 feu doux pendant 20 minutes, en tournant \u00e0 mi-cuisson.<\/div>\n\t\t\t\t\t<\/div>\n\t\t\t\t\t\t<\/div>\n\t\t\t\t<\/div>\n\t\t\t\t<\/div>\n\t\t\t\t\t<\/div>\n\t\t\t\t<\/div>\n\t\t<div class=\"wd-negative-gap elementor-element elementor-element-1319a5a e-flex e-con-boxed e-con e-parent\" data-id=\"1319a5a\" data-element_type=\"container\" data-e-type=\"container\">\n\t\t\t\t\t<div class=\"e-con-inner\">\n\t\t\t\t<div class=\"elementor-element elementor-element-79e1f6c elementor-widget elementor-widget-spacer\" data-id=\"79e1f6c\" data-element_type=\"widget\" data-e-type=\"widget\" data-widget_type=\"spacer.default\">\n\t\t\t\t<div class=\"elementor-widget-container\">\n\t\t\t\t\t\t\t<div class=\"elementor-spacer\">\n\t\t\t<div class=\"elementor-spacer-inner\"><\/div>\n\t\t<\/div>\n\t\t\t\t\t\t<\/div>\n\t\t\t\t<\/div>\n\t\t\t\t\t<\/div>\n\t\t\t\t<\/div>\n\t\t\t\t<\/div>\n\t\t","protected":false},"excerpt":{"rendered":"<p>Calmars farcis aux noisettes les ingr\u00e9dients:\u00a04 camars grands, 60 grammes de noisettes grill\u00e9es, 300 grammes de pommes-de-terre, 1 \u0153uf, du<\/p>\n","protected":false},"author":1,"featured_media":0,"parent":0,"menu_order":0,"comment_status":"closed","ping_status":"closed","template":"","meta":{"footnotes":""},"class_list":["post-27665","page","type-page","status-publish","hentry"],"yoast_head":"<!-- This site is optimized with the Yoast SEO plugin v25.6 - https:\/\/yoast.com\/wordpress\/plugins\/seo\/ -->\n<title>Deuxiemes plats - ilmiocafecacao<\/title>\n<meta name=\"robots\" content=\"index, follow, max-snippet:-1, max-image-preview:large, max-video-preview:-1\" \/>\n<link rel=\"canonical\" href=\"https:\/\/ilmiocafecacao.it\/acceuil\/deuxiemes-plats\/\" \/>\n<meta property=\"og:locale\" content=\"fr_FR\" \/>\n<meta property=\"og:type\" content=\"article\" \/>\n<meta property=\"og:title\" content=\"Deuxiemes plats - ilmiocafecacao\" \/>\n<meta property=\"og:description\" content=\"Calmars farcis aux noisettes les ingr\u00e9dients:\u00a04 camars grands, 60 grammes de noisettes grill\u00e9es, 300 grammes de pommes-de-terre, 1 \u0153uf, du\" \/>\n<meta property=\"og:url\" content=\"https:\/\/ilmiocafecacao.it\/acceuil\/deuxiemes-plats\/\" \/>\n<meta property=\"og:site_name\" content=\"ilmiocafecacao\" \/>\n<meta property=\"article:modified_time\" content=\"2025-04-22T17:36:15+00:00\" \/>\n<meta property=\"og:image\" content=\"https:\/\/ilmiocafecacao.it\/wp-content\/uploads\/2025\/04\/calamars-empailles-f5e10139.webp\" \/>\n\t<meta property=\"og:image:width\" content=\"900\" \/>\n\t<meta property=\"og:image:height\" content=\"624\" \/>\n\t<meta property=\"og:image:type\" content=\"image\/webp\" \/>\n<meta name=\"twitter:card\" content=\"summary_large_image\" \/>\n<meta name=\"twitter:label1\" content=\"Dur\u00e9e de lecture estim\u00e9e\" \/>\n\t<meta name=\"twitter:data1\" content=\"1 minute\" \/>\n<script type=\"application\/ld+json\" class=\"yoast-schema-graph\">{\"@context\":\"https:\/\/schema.org\",\"@graph\":[{\"@type\":\"WebPage\",\"@id\":\"https:\/\/ilmiocafecacao.it\/acceuil\/deuxiemes-plats\/\",\"url\":\"https:\/\/ilmiocafecacao.it\/acceuil\/deuxiemes-plats\/\",\"name\":\"Deuxiemes plats - ilmiocafecacao\",\"isPartOf\":{\"@id\":\"https:\/\/ilmiocafecacao.it\/acceuil\/#website\"},\"primaryImageOfPage\":{\"@id\":\"https:\/\/ilmiocafecacao.it\/acceuil\/deuxiemes-plats\/#primaryimage\"},\"image\":{\"@id\":\"https:\/\/ilmiocafecacao.it\/acceuil\/deuxiemes-plats\/#primaryimage\"},\"thumbnailUrl\":\"https:\/\/ilmiocafecacao.it\/wp-content\/uploads\/2025\/04\/calamars-empailles-f5e10139.webp\",\"datePublished\":\"2025-04-18T20:31:46+00:00\",\"dateModified\":\"2025-04-22T17:36:15+00:00\",\"breadcrumb\":{\"@id\":\"https:\/\/ilmiocafecacao.it\/acceuil\/deuxiemes-plats\/#breadcrumb\"},\"inLanguage\":\"fr-FR\",\"potentialAction\":[{\"@type\":\"ReadAction\",\"target\":[\"https:\/\/ilmiocafecacao.it\/acceuil\/deuxiemes-plats\/\"]}]},{\"@type\":\"ImageObject\",\"inLanguage\":\"fr-FR\",\"@id\":\"https:\/\/ilmiocafecacao.it\/acceuil\/deuxiemes-plats\/#primaryimage\",\"url\":\"https:\/\/ilmiocafecacao.it\/wp-content\/uploads\/2025\/04\/calamars-empailles-f5e10139.webp\",\"contentUrl\":\"https:\/\/ilmiocafecacao.it\/wp-content\/uploads\/2025\/04\/calamars-empailles-f5e10139.webp\"},{\"@type\":\"BreadcrumbList\",\"@id\":\"https:\/\/ilmiocafecacao.it\/acceuil\/deuxiemes-plats\/#breadcrumb\",\"itemListElement\":[{\"@type\":\"ListItem\",\"position\":1,\"name\":\"Home\",\"item\":\"https:\/\/ilmiocafecacao.it\/acceuil\/\"},{\"@type\":\"ListItem\",\"position\":2,\"name\":\"Deuxiemes plats\"}]},{\"@type\":\"WebSite\",\"@id\":\"https:\/\/ilmiocafecacao.it\/acceuil\/#website\",\"url\":\"https:\/\/ilmiocafecacao.it\/acceuil\/\",\"name\":\"cafe il mio\",\"description\":\"Noisette et caf\u00e9 italien\",\"publisher\":{\"@id\":\"https:\/\/ilmiocafecacao.it\/acceuil\/#organization\"},\"alternateName\":\"cafe il mio\",\"potentialAction\":[{\"@type\":\"SearchAction\",\"target\":{\"@type\":\"EntryPoint\",\"urlTemplate\":\"https:\/\/ilmiocafecacao.it\/acceuil\/?s={search_term_string}\"},\"query-input\":{\"@type\":\"PropertyValueSpecification\",\"valueRequired\":true,\"valueName\":\"search_term_string\"}}],\"inLanguage\":\"fr-FR\"},{\"@type\":\"Organization\",\"@id\":\"https:\/\/ilmiocafecacao.it\/acceuil\/#organization\",\"name\":\"ilmiocafecacao\",\"url\":\"https:\/\/ilmiocafecacao.it\/acceuil\/\",\"logo\":{\"@type\":\"ImageObject\",\"inLanguage\":\"fr-FR\",\"@id\":\"https:\/\/ilmiocafecacao.it\/acceuil\/#\/schema\/logo\/image\/\",\"url\":\"https:\/\/ilmiocafecacao.it\/wp-content\/uploads\/2025\/04\/icone-noir.jpg\",\"contentUrl\":\"https:\/\/ilmiocafecacao.it\/wp-content\/uploads\/2025\/04\/icone-noir.jpg\",\"width\":512,\"height\":443,\"caption\":\"ilmiocafecacao\"},\"image\":{\"@id\":\"https:\/\/ilmiocafecacao.it\/acceuil\/#\/schema\/logo\/image\/\"}}]}<\/script>\n<!-- \/ Yoast SEO plugin. -->","yoast_head_json":{"title":"Deuxiemes plats - ilmiocafecacao","robots":{"index":"index","follow":"follow","max-snippet":"max-snippet:-1","max-image-preview":"max-image-preview:large","max-video-preview":"max-video-preview:-1"},"canonical":"https:\/\/ilmiocafecacao.it\/acceuil\/deuxiemes-plats\/","og_locale":"fr_FR","og_type":"article","og_title":"Deuxiemes plats - ilmiocafecacao","og_description":"Calmars farcis aux noisettes les ingr\u00e9dients:\u00a04 camars grands, 60 grammes de noisettes grill\u00e9es, 300 grammes de pommes-de-terre, 1 \u0153uf, du","og_url":"https:\/\/ilmiocafecacao.it\/acceuil\/deuxiemes-plats\/","og_site_name":"ilmiocafecacao","article_modified_time":"2025-04-22T17:36:15+00:00","og_image":[{"width":900,"height":624,"url":"https:\/\/ilmiocafecacao.it\/wp-content\/uploads\/2025\/04\/calamars-empailles-f5e10139.webp","type":"image\/webp"}],"twitter_card":"summary_large_image","twitter_misc":{"Dur\u00e9e de lecture estim\u00e9e":"1 minute"},"schema":{"@context":"https:\/\/schema.org","@graph":[{"@type":"WebPage","@id":"https:\/\/ilmiocafecacao.it\/acceuil\/deuxiemes-plats\/","url":"https:\/\/ilmiocafecacao.it\/acceuil\/deuxiemes-plats\/","name":"Deuxiemes plats - ilmiocafecacao","isPartOf":{"@id":"https:\/\/ilmiocafecacao.it\/acceuil\/#website"},"primaryImageOfPage":{"@id":"https:\/\/ilmiocafecacao.it\/acceuil\/deuxiemes-plats\/#primaryimage"},"image":{"@id":"https:\/\/ilmiocafecacao.it\/acceuil\/deuxiemes-plats\/#primaryimage"},"thumbnailUrl":"https:\/\/ilmiocafecacao.it\/wp-content\/uploads\/2025\/04\/calamars-empailles-f5e10139.webp","datePublished":"2025-04-18T20:31:46+00:00","dateModified":"2025-04-22T17:36:15+00:00","breadcrumb":{"@id":"https:\/\/ilmiocafecacao.it\/acceuil\/deuxiemes-plats\/#breadcrumb"},"inLanguage":"fr-FR","potentialAction":[{"@type":"ReadAction","target":["https:\/\/ilmiocafecacao.it\/acceuil\/deuxiemes-plats\/"]}]},{"@type":"ImageObject","inLanguage":"fr-FR","@id":"https:\/\/ilmiocafecacao.it\/acceuil\/deuxiemes-plats\/#primaryimage","url":"https:\/\/ilmiocafecacao.it\/wp-content\/uploads\/2025\/04\/calamars-empailles-f5e10139.webp","contentUrl":"https:\/\/ilmiocafecacao.it\/wp-content\/uploads\/2025\/04\/calamars-empailles-f5e10139.webp"},{"@type":"BreadcrumbList","@id":"https:\/\/ilmiocafecacao.it\/acceuil\/deuxiemes-plats\/#breadcrumb","itemListElement":[{"@type":"ListItem","position":1,"name":"Home","item":"https:\/\/ilmiocafecacao.it\/acceuil\/"},{"@type":"ListItem","position":2,"name":"Deuxiemes plats"}]},{"@type":"WebSite","@id":"https:\/\/ilmiocafecacao.it\/acceuil\/#website","url":"https:\/\/ilmiocafecacao.it\/acceuil\/","name":"cafe il mio","description":"Noisette et caf\u00e9 italien","publisher":{"@id":"https:\/\/ilmiocafecacao.it\/acceuil\/#organization"},"alternateName":"cafe il mio","potentialAction":[{"@type":"SearchAction","target":{"@type":"EntryPoint","urlTemplate":"https:\/\/ilmiocafecacao.it\/acceuil\/?s={search_term_string}"},"query-input":{"@type":"PropertyValueSpecification","valueRequired":true,"valueName":"search_term_string"}}],"inLanguage":"fr-FR"},{"@type":"Organization","@id":"https:\/\/ilmiocafecacao.it\/acceuil\/#organization","name":"ilmiocafecacao","url":"https:\/\/ilmiocafecacao.it\/acceuil\/","logo":{"@type":"ImageObject","inLanguage":"fr-FR","@id":"https:\/\/ilmiocafecacao.it\/acceuil\/#\/schema\/logo\/image\/","url":"https:\/\/ilmiocafecacao.it\/wp-content\/uploads\/2025\/04\/icone-noir.jpg","contentUrl":"https:\/\/ilmiocafecacao.it\/wp-content\/uploads\/2025\/04\/icone-noir.jpg","width":512,"height":443,"caption":"ilmiocafecacao"},"image":{"@id":"https:\/\/ilmiocafecacao.it\/acceuil\/#\/schema\/logo\/image\/"}}]}},"_links":{"self":[{"href":"https:\/\/ilmiocafecacao.it\/acceuil\/wp-json\/wp\/v2\/pages\/27665"}],"collection":[{"href":"https:\/\/ilmiocafecacao.it\/acceuil\/wp-json\/wp\/v2\/pages"}],"about":[{"href":"https:\/\/ilmiocafecacao.it\/acceuil\/wp-json\/wp\/v2\/types\/page"}],"author":[{"embeddable":true,"href":"https:\/\/ilmiocafecacao.it\/acceuil\/wp-json\/wp\/v2\/users\/1"}],"replies":[{"embeddable":true,"href":"https:\/\/ilmiocafecacao.it\/acceuil\/wp-json\/wp\/v2\/comments?post=27665"}],"version-history":[{"count":13,"href":"https:\/\/ilmiocafecacao.it\/acceuil\/wp-json\/wp\/v2\/pages\/27665\/revisions"}],"predecessor-version":[{"id":28185,"href":"https:\/\/ilmiocafecacao.it\/acceuil\/wp-json\/wp\/v2\/pages\/27665\/revisions\/28185"}],"wp:attachment":[{"href":"https:\/\/ilmiocafecacao.it\/acceuil\/wp-json\/wp\/v2\/media?parent=27665"}],"curies":[{"name":"wp","href":"https:\/\/api.w.org\/{rel}","templated":true}]}}